{"id":854,"date":"2014-05-18T19:38:53","date_gmt":"2014-05-18T19:38:53","guid":{"rendered":"http:\/\/rusterholz-ag.ch\/?page_id=854"},"modified":"2018-04-15T09:59:22","modified_gmt":"2018-04-15T09:59:22","slug":"gebaeude-schuerz9","status":"publish","type":"page","link":"https:\/\/rusterholz-ag.ch\/fr\/wohnungen\/gebaeude-schuerz9\/","title":{"rendered":"Sch\u00fcrz 9"},"content":{"rendered":"<figure id=\"attachment_1390\" aria-describedby=\"caption-attachment-1390\" style=\"width: 300px\" class=\"wp-caption alignnone\"><a href=\"https:\/\/rusterholz-ag.ch\/wp-content\/uploads\/2018\/03\/Vogelschau_Schuerz_9.jpg\" rel=\"lightbox[854]\"><img loading=\"lazy\" decoding=\"async\" width=\"300\" height=\"200\" class=\"size-medium wp-image-1390\" alt=\"Birds view Sch\u00fcrz 9\" src=\"https:\/\/rusterholz-ag.ch\/wp-content\/uploads\/2018\/03\/Vogelschau_Schuerz_9-300x200.jpg\" srcset=\"https:\/\/rusterholz-ag.ch\/wp-content\/uploads\/2018\/03\/Vogelschau_Schuerz_9-300x200.jpg 300w, https:\/\/rusterholz-ag.ch\/wp-content\/uploads\/2018\/03\/Vogelschau_Schuerz_9-768x512.jpg 768w, https:\/\/rusterholz-ag.ch\/wp-content\/uploads\/2018\/03\/Vogelschau_Schuerz_9-800x533.jpg 800w, https:\/\/rusterholz-ag.ch\/wp-content\/uploads\/2018\/03\/Vogelschau_Schuerz_9.jpg 1122w\" sizes=\"auto, (max-width: 300px) 100vw, 300px\" \/><\/a><figcaption id=\"caption-attachment-1390\" class=\"wp-caption-text\"><span style=\"display: inline !important; float: none; background-color: transparent; color: #333333; cursor: text; font-family: Georgia,'Times New Roman','Bitstream Charter',Times,serif; font-size: 16px; font-style: normal; font-variant: normal; font-weight: 400; letter-spacing: normal; orphans: 2; text-align: left; text-decoration: none; text-indent: 0px; text-transform: none; -webkit-text-stroke-width: 0px; white-space: normal; word-spacing: 0px;\">Vue aerienne Sch\u00fcrz 9<\/span><\/figcaption><\/figure>\n<p>Le b\u00e2timent Sch\u00fcrz 9 a \u00e9t\u00e9 construit vers 1860 comme ferme et r\u00e9nov\u00e9 en 2000 et 2017. <span style=\"display: inline !important; float: none; background-color: transparent; color: #333333; cursor: text; font-family: Georgia,'Times New Roman','Bitstream Charter',Times,serif; font-size: 16px; font-style: normal; font-variant: normal; font-weight: 400; letter-spacing: normal; orphans: 2; text-align: left; text-decoration: none; text-indent: 0px; text-transform: none; -webkit-text-stroke-width: 0px; white-space: normal; word-spacing: 0px;\">Il comprend un un appartement sur deux \u00e9tages et une grande chambre mansard\u00e9e<\/span>. <span style=\"display: inline !important; float: none; background-color: transparent; color: #333333; cursor: text; font-family: Georgia,'Times New Roman','Bitstream Charter',Times,serif; font-size: 16px; font-style: normal; font-variant: normal; font-weight: 400; letter-spacing: normal; orphans: 2; text-align: left; text-decoration: none; text-indent: 0px; text-transform: none; -webkit-text-stroke-width: 0px; white-space: normal; word-spacing: 0px;\">&nbsp;Attach\u00e9 \u00e0 l&#8217;appartement est une grange, dans laquelle un atelier et divers \u00e9quipements de stockage sont install\u00e9s.<\/span><\/p>\n<p><b>Offre :<\/b><br \/>\n5\u00bd-room apartment<br \/>\nDeux places de stationnement ouvertes (dont une place visiteur)<\/p>\n<figure id=\"attachment_1392\" aria-describedby=\"caption-attachment-1392\" style=\"width: 300px\" class=\"wp-caption alignnone\"><a href=\"https:\/\/rusterholz-ag.ch\/wp-content\/uploads\/2018\/03\/3_-Ostfassade.jpg\" rel=\"lightbox[854]\"><img loading=\"lazy\" decoding=\"async\" width=\"300\" height=\"225\" class=\"size-medium wp-image-1392\" alt=\"Ostfassade Sch\u00fcrz 9\" src=\"https:\/\/rusterholz-ag.ch\/wp-content\/uploads\/2018\/03\/3_-Ostfassade-300x225.jpg\" srcset=\"https:\/\/rusterholz-ag.ch\/wp-content\/uploads\/2018\/03\/3_-Ostfassade-300x225.jpg 300w, https:\/\/rusterholz-ag.ch\/wp-content\/uploads\/2018\/03\/3_-Ostfassade-768x576.jpg 768w, https:\/\/rusterholz-ag.ch\/wp-content\/uploads\/2018\/03\/3_-Ostfassade-800x600.jpg 800w, https:\/\/rusterholz-ag.ch\/wp-content\/uploads\/2018\/03\/3_-Ostfassade.jpg 1600w\" sizes=\"auto, (max-width: 300px) 100vw, 300px\" \/><\/a><figcaption id=\"caption-attachment-1392\" class=\"wp-caption-text\"><span style=\"display: inline !important; float: none; background-color: transparent; color: #333333; cursor: text; font-family: Georgia,'Times New Roman','Bitstream Charter',Times,serif; font-size: 16px; font-style: normal; font-variant: normal; font-weight: 400; letter-spacing: normal; orphans: 2; text-align: left; text-decoration: none; text-indent: 0px; text-transform: none; -webkit-text-stroke-width: 0px; white-space: normal; word-spacing: 0px;\">Fa\u00e7ade est Sch\u00fcrz 9<\/span><\/figcaption><\/figure>\n<figure id=\"attachment_1391\" aria-describedby=\"caption-attachment-1391\" style=\"width: 300px\" class=\"wp-caption alignnone\"><a href=\"https:\/\/rusterholz-ag.ch\/wp-content\/uploads\/2018\/03\/2_Westfassade-1.jpg\" rel=\"lightbox[854]\"><img loading=\"lazy\" decoding=\"async\" width=\"300\" height=\"225\" class=\"size-medium wp-image-1391\" alt=\"Westfassade Sch\u00fcrz 9\" src=\"https:\/\/rusterholz-ag.ch\/wp-content\/uploads\/2018\/03\/2_Westfassade-1-300x225.jpg\" srcset=\"https:\/\/rusterholz-ag.ch\/wp-content\/uploads\/2018\/03\/2_Westfassade-1-300x225.jpg 300w, https:\/\/rusterholz-ag.ch\/wp-content\/uploads\/2018\/03\/2_Westfassade-1-768x576.jpg 768w, https:\/\/rusterholz-ag.ch\/wp-content\/uploads\/2018\/03\/2_Westfassade-1-800x600.jpg 800w, https:\/\/rusterholz-ag.ch\/wp-content\/uploads\/2018\/03\/2_Westfassade-1.jpg 1600w\" sizes=\"auto, (max-width: 300px) 100vw, 300px\" \/><\/a><figcaption id=\"caption-attachment-1391\" class=\"wp-caption-text\"><span style=\"display: inline !important; float: none; background-color: transparent; color: #333333; cursor: text; font-family: Georgia,'Times New Roman','Bitstream Charter',Times,serif; font-size: 16px; font-style: normal; font-variant: normal; font-weight: 400; letter-spacing: normal; orphans: 2; text-align: left; text-decoration: none; text-indent: 0px; text-transform: none; -webkit-text-stroke-width: 0px; white-space: normal; word-spacing: 0px;\">Fa\u00e7ade ouest Sch\u00fcrz 9<\/span><\/figcaption><\/figure>\n","protected":false},"excerpt":{"rendered":"<p>Le b\u00e2timent Sch\u00fcrz 9 a \u00e9t\u00e9 construit vers 1860 comme ferme et r\u00e9nov\u00e9 en 2000 et 2017. Il comprend un un appartement sur deux \u00e9tages et une grande chambre mansard\u00e9e. &nbsp;Attach\u00e9 \u00e0 l&#8217;appartement est une grange, dans laquelle un atelier et divers \u00e9quipements de stockage sont install\u00e9s. Offre : 5\u00bd-room apartment Deux places de stationnement [&hellip;]<\/p>\n","protected":false},"author":1,"featured_media":0,"parent":5,"menu_order":6,"comment_status":"closed","ping_status":"closed","template":"","meta":{"_monsterinsights_skip_tracking":false,"_monsterinsights_sitenote_active":false,"_monsterinsights_sitenote_note":"","_monsterinsights_sitenote_category":0,"ngg_post_thumbnail":0,"footnotes":""},"class_list":["post-854","page","type-page","status-publish","hentry"],"translation":{"provider":"WPGlobus","version":"3.0.2","language":"fr","enabled_languages":["de","en","fr"],"languages":{"de":{"title":true,"content":true,"excerpt":false},"en":{"title":true,"content":true,"excerpt":false},"fr":{"title":true,"content":true,"excerpt":false}}},"_links":{"self":[{"href":"https:\/\/rusterholz-ag.ch\/fr\/wp-json\/wp\/v2\/pages\/854","targetHints":{"allow":["GET"]}}],"collection":[{"href":"https:\/\/rusterholz-ag.ch\/fr\/wp-json\/wp\/v2\/pages"}],"about":[{"href":"https:\/\/rusterholz-ag.ch\/fr\/wp-json\/wp\/v2\/types\/page"}],"author":[{"embeddable":true,"href":"https:\/\/rusterholz-ag.ch\/fr\/wp-json\/wp\/v2\/users\/1"}],"replies":[{"embeddable":true,"href":"https:\/\/rusterholz-ag.ch\/fr\/wp-json\/wp\/v2\/comments?post=854"}],"version-history":[{"count":30,"href":"https:\/\/rusterholz-ag.ch\/fr\/wp-json\/wp\/v2\/pages\/854\/revisions"}],"predecessor-version":[{"id":1685,"href":"https:\/\/rusterholz-ag.ch\/fr\/wp-json\/wp\/v2\/pages\/854\/revisions\/1685"}],"up":[{"embeddable":true,"href":"https:\/\/rusterholz-ag.ch\/fr\/wp-json\/wp\/v2\/pages\/5"}],"wp:attachment":[{"href":"https:\/\/rusterholz-ag.ch\/fr\/wp-json\/wp\/v2\/media?parent=854"}],"curies":[{"name":"wp","href":"https:\/\/api.w.org\/{rel}","templated":true}]}}