{"id":717,"date":"2014-05-17T09:08:13","date_gmt":"2014-05-17T09:08:13","guid":{"rendered":"http:\/\/rusterholz-ag.ch\/?page_id=717"},"modified":"2020-08-27T15:40:39","modified_gmt":"2020-08-27T15:40:39","slug":"schuerz-3-gastzimmer-zu-vermieten","status":"publish","type":"page","link":"https:\/\/rusterholz-ag.ch\/fr\/wohnungen\/gebaude-615\/schuerz-3-gastzimmer-zu-vermieten\/","title":{"rendered":"<b><Font Color=Green>Sch\u00fcrz 3, une chambre d&#8217;h\u00f4te \u00e0 louer<\/Font><\/b>"},"content":{"rendered":"<p> La chambre d&#8217;amis de la Sch\u00fcrz 3 est \u00e0 louer aux r\u00e9sidents du lotissement.<\/p>\n<p>Pour plus de d\u00e9tails, veuillez contacter le concierge.<\/p>\n<p>Plan d&#8217;\u00e9tage: <a href=\"https:\/\/rusterholz-ag.ch\/wp-content\/uploads\/2014\/05\/Sch\u00fcrz_3_EG_Gast.pdf\">Sch\u00fcrz_3_EG_Gast<\/a><\/p>\n<p>Photos: (manquant)<\/p>\n","protected":false},"excerpt":{"rendered":"<p>La chambre d&#8217;amis de la Sch\u00fcrz 3 est \u00e0 louer aux r\u00e9sidents du lotissement. Pour plus de d\u00e9tails, veuillez contacter le concierge. Plan d&#8217;\u00e9tage: Sch\u00fcrz_3_EG_Gast Photos: (manquant)<\/p>\n","protected":false},"author":4,"featured_media":0,"parent":467,"menu_order":5,"comment_status":"open","ping_status":"closed","template":"","meta":{"_monsterinsights_skip_tracking":false,"_monsterinsights_sitenote_active":false,"_monsterinsights_sitenote_note":"","_monsterinsights_sitenote_category":0,"ngg_post_thumbnail":0,"footnotes":""},"class_list":["post-717","page","type-page","status-publish","hentry"],"translation":{"provider":"WPGlobus","version":"3.0.2","language":"fr","enabled_languages":["de","en","fr"],"languages":{"de":{"title":true,"content":true,"excerpt":false},"en":{"title":true,"content":true,"excerpt":false},"fr":{"title":true,"content":true,"excerpt":false}}},"_links":{"self":[{"href":"https:\/\/rusterholz-ag.ch\/fr\/wp-json\/wp\/v2\/pages\/717","targetHints":{"allow":["GET"]}}],"collection":[{"href":"https:\/\/rusterholz-ag.ch\/fr\/wp-json\/wp\/v2\/pages"}],"about":[{"href":"https:\/\/rusterholz-ag.ch\/fr\/wp-json\/wp\/v2\/types\/page"}],"author":[{"embeddable":true,"href":"https:\/\/rusterholz-ag.ch\/fr\/wp-json\/wp\/v2\/users\/4"}],"replies":[{"embeddable":true,"href":"https:\/\/rusterholz-ag.ch\/fr\/wp-json\/wp\/v2\/comments?post=717"}],"version-history":[{"count":11,"href":"https:\/\/rusterholz-ag.ch\/fr\/wp-json\/wp\/v2\/pages\/717\/revisions"}],"predecessor-version":[{"id":1730,"href":"https:\/\/rusterholz-ag.ch\/fr\/wp-json\/wp\/v2\/pages\/717\/revisions\/1730"}],"up":[{"embeddable":true,"href":"https:\/\/rusterholz-ag.ch\/fr\/wp-json\/wp\/v2\/pages\/467"}],"wp:attachment":[{"href":"https:\/\/rusterholz-ag.ch\/fr\/wp-json\/wp\/v2\/media?parent=717"}],"curies":[{"name":"wp","href":"https:\/\/api.w.org\/{rel}","templated":true}]}}