{"id":597,"date":"2014-05-12T18:41:19","date_gmt":"2014-05-12T18:41:19","guid":{"rendered":"http:\/\/rusterholz-ag.ch\/?page_id=597"},"modified":"2018-04-15T10:02:06","modified_gmt":"2018-04-15T10:02:06","slug":"huhnerhaus","status":"publish","type":"page","link":"https:\/\/rusterholz-ag.ch\/fr\/wohnungen\/huhnerhaus\/","title":{"rendered":"Wildeggerstrasse 2"},"content":{"rendered":"<figure id=\"attachment_1349\" aria-describedby=\"caption-attachment-1349\" style=\"width: 300px\" class=\"wp-caption alignnone\"><a href=\"https:\/\/rusterholz-ag.ch\/wp-content\/uploads\/2018\/03\/Situation_Huehnerhaus.jpg\" rel=\"lightbox[597]\"><img loading=\"lazy\" decoding=\"async\" width=\"300\" height=\"200\" class=\"wp-image-1349 size-medium\" alt=\"Bird's-eye view Wildeggerstrasse 2\" src=\"https:\/\/rusterholz-ag.ch\/wp-content\/uploads\/2018\/03\/Situation_Huehnerhaus-300x200.jpg\" srcset=\"https:\/\/rusterholz-ag.ch\/wp-content\/uploads\/2018\/03\/Situation_Huehnerhaus-300x200.jpg 300w, https:\/\/rusterholz-ag.ch\/wp-content\/uploads\/2018\/03\/Situation_Huehnerhaus-768x512.jpg 768w, https:\/\/rusterholz-ag.ch\/wp-content\/uploads\/2018\/03\/Situation_Huehnerhaus-800x533.jpg 800w, https:\/\/rusterholz-ag.ch\/wp-content\/uploads\/2018\/03\/Situation_Huehnerhaus.jpg 1122w\" sizes=\"auto, (max-width: 300px) 100vw, 300px\" \/><\/a><figcaption id=\"caption-attachment-1349\" class=\"wp-caption-text\"><span style=\"display: inline !important; float: none; background-color: transparent; color: #333333; cursor: text; font-family: Georgia,'Times New Roman','Bitstream Charter',Times,serif; font-size: 16px; font-style: normal; font-variant: normal; font-weight: 400; letter-spacing: normal; orphans: 2; text-align: left; text-decoration: none; text-indent: 0px; text-transform: none; -webkit-text-stroke-width: 0px; white-space: normal; word-spacing: 0px;\">Vue aerienne Wildeggerstrasse 2<\/span><\/figcaption><\/figure>\n<p><strong>&nbsp;<\/strong><\/p>\n<p>Le b\u00e2timent&nbsp;Wildeggerstrasse 2 a \u00e9t\u00e9 construit \u00e0 l&#8217;origine comme un poulailler. En 1974, le b\u00e2timent a \u00e9t\u00e9 agrandi d&#8217;un facteur 4 et est utilis\u00e9 comme simple b\u00e2timent r\u00e9sidentiel depuis lors. Le b\u00e2timent n&#8217;a pas de sous-sol. La petite maison a un plan d&#8217;\u00e9tage sophistiqu\u00e9.<br \/>\nAu d\u00e9but du XXIe si\u00e8cle, le b\u00e2timent \u00e9tait isol\u00e9 et un syst\u00e8me de chauffage central au gaz a \u00e9t\u00e9 install\u00e9 en plus du chauffage au bois.<\/p>\n<p>&nbsp;<\/p>\n<figure id=\"attachment_1350\" aria-describedby=\"caption-attachment-1350\" style=\"width: 300px\" class=\"wp-caption alignnone\"><a href=\"https:\/\/rusterholz-ag.ch\/wp-content\/uploads\/2018\/03\/Huehnerhaus_alt.jpg\" rel=\"lightbox[597]\"><img loading=\"lazy\" decoding=\"async\" width=\"300\" height=\"104\" class=\"wp-image-1350 size-medium\" alt=\"Altes H\u00fchnerhaus (ca. 1950)\" src=\"https:\/\/rusterholz-ag.ch\/wp-content\/uploads\/2018\/03\/Huehnerhaus_alt-300x104.jpg\" srcset=\"https:\/\/rusterholz-ag.ch\/wp-content\/uploads\/2018\/03\/Huehnerhaus_alt-300x104.jpg 300w, https:\/\/rusterholz-ag.ch\/wp-content\/uploads\/2018\/03\/Huehnerhaus_alt-768x266.jpg 768w, https:\/\/rusterholz-ag.ch\/wp-content\/uploads\/2018\/03\/Huehnerhaus_alt-800x277.jpg 800w, https:\/\/rusterholz-ag.ch\/wp-content\/uploads\/2018\/03\/Huehnerhaus_alt.jpg 1720w\" sizes=\"auto, (max-width: 300px) 100vw, 300px\" \/><\/a><figcaption id=\"caption-attachment-1350\" class=\"wp-caption-text\"><span style=\"display: inline !important; float: none; background-color: transparent; color: #333333; cursor: text; font-family: Georgia,'Times New Roman','Bitstream Charter',Times,serif; font-size: 16px; font-style: normal; font-variant: normal; font-weight: 400; letter-spacing: normal; orphans: 2; text-align: left; text-decoration: none; text-indent: 0px; text-transform: none; -webkit-text-stroke-width: 0px; white-space: normal; word-spacing: 0px;\">Ancien poulailler (vers 1950)<\/span><\/figcaption><\/figure>\n<p>&nbsp;<\/p>\n<figure id=\"attachment_1355\" aria-describedby=\"caption-attachment-1355\" style=\"width: 300px\" class=\"wp-caption alignnone\"><a href=\"https:\/\/rusterholz-ag.ch\/wp-content\/uploads\/2018\/03\/Huehnerhaus_neu.jpg\" rel=\"lightbox[597]\"><img loading=\"lazy\" decoding=\"async\" width=\"300\" height=\"225\" class=\"wp-image-1355 size-medium\" alt=\"Das H\u00fchnerhaus heute\" src=\"https:\/\/rusterholz-ag.ch\/wp-content\/uploads\/2018\/03\/Huehnerhaus_neu-300x225.jpg\" srcset=\"https:\/\/rusterholz-ag.ch\/wp-content\/uploads\/2018\/03\/Huehnerhaus_neu-300x225.jpg 300w, https:\/\/rusterholz-ag.ch\/wp-content\/uploads\/2018\/03\/Huehnerhaus_neu-768x576.jpg 768w, https:\/\/rusterholz-ag.ch\/wp-content\/uploads\/2018\/03\/Huehnerhaus_neu-800x600.jpg 800w, https:\/\/rusterholz-ag.ch\/wp-content\/uploads\/2018\/03\/Huehnerhaus_neu.jpg 1600w\" sizes=\"auto, (max-width: 300px) 100vw, 300px\" \/><\/a><figcaption id=\"caption-attachment-1355\" class=\"wp-caption-text\"><span style=\"display: inline !important; float: none; background-color: transparent; color: #333333; cursor: text; font-family: Georgia,'Times New Roman','Bitstream Charter',Times,serif; font-size: 16px; font-style: normal; font-variant: normal; font-weight: 400; letter-spacing: normal; orphans: 2; text-align: left; text-decoration: none; text-indent: 0px; text-transform: none; -webkit-text-stroke-width: 0px; white-space: normal; word-spacing: 0px;\">Immeuble aujourd&#8217;hui (vers 1950)<\/span><\/figcaption><\/figure>\n<p>&nbsp;<\/p>\n","protected":false},"excerpt":{"rendered":"<p>&nbsp; Le b\u00e2timent&nbsp;Wildeggerstrasse 2 a \u00e9t\u00e9 construit \u00e0 l&#8217;origine comme un poulailler. En 1974, le b\u00e2timent a \u00e9t\u00e9 agrandi d&#8217;un facteur 4 et est utilis\u00e9 comme simple b\u00e2timent r\u00e9sidentiel depuis lors. Le b\u00e2timent n&#8217;a pas de sous-sol. La petite maison a un plan d&#8217;\u00e9tage sophistiqu\u00e9. Au d\u00e9but du XXIe si\u00e8cle, le b\u00e2timent \u00e9tait isol\u00e9 et [&hellip;]<\/p>\n","protected":false},"author":4,"featured_media":0,"parent":5,"menu_order":7,"comment_status":"closed","ping_status":"closed","template":"","meta":{"_monsterinsights_skip_tracking":false,"_monsterinsights_sitenote_active":false,"_monsterinsights_sitenote_note":"","_monsterinsights_sitenote_category":0,"ngg_post_thumbnail":0,"footnotes":""},"class_list":["post-597","page","type-page","status-publish","hentry"],"translation":{"provider":"WPGlobus","version":"3.0.2","language":"fr","enabled_languages":["de","en","fr"],"languages":{"de":{"title":true,"content":true,"excerpt":false},"en":{"title":true,"content":true,"excerpt":false},"fr":{"title":true,"content":true,"excerpt":false}}},"_links":{"self":[{"href":"https:\/\/rusterholz-ag.ch\/fr\/wp-json\/wp\/v2\/pages\/597","targetHints":{"allow":["GET"]}}],"collection":[{"href":"https:\/\/rusterholz-ag.ch\/fr\/wp-json\/wp\/v2\/pages"}],"about":[{"href":"https:\/\/rusterholz-ag.ch\/fr\/wp-json\/wp\/v2\/types\/page"}],"author":[{"embeddable":true,"href":"https:\/\/rusterholz-ag.ch\/fr\/wp-json\/wp\/v2\/users\/4"}],"replies":[{"embeddable":true,"href":"https:\/\/rusterholz-ag.ch\/fr\/wp-json\/wp\/v2\/comments?post=597"}],"version-history":[{"count":27,"href":"https:\/\/rusterholz-ag.ch\/fr\/wp-json\/wp\/v2\/pages\/597\/revisions"}],"predecessor-version":[{"id":1689,"href":"https:\/\/rusterholz-ag.ch\/fr\/wp-json\/wp\/v2\/pages\/597\/revisions\/1689"}],"up":[{"embeddable":true,"href":"https:\/\/rusterholz-ag.ch\/fr\/wp-json\/wp\/v2\/pages\/5"}],"wp:attachment":[{"href":"https:\/\/rusterholz-ag.ch\/fr\/wp-json\/wp\/v2\/media?parent=597"}],"curies":[{"name":"wp","href":"https:\/\/api.w.org\/{rel}","templated":true}]}}