{"id":47,"date":"2010-04-23T10:57:13","date_gmt":"2010-04-23T10:57:13","guid":{"rendered":"http:\/\/www.artosteiner.com\/rusterholz\/"},"modified":"2017-09-23T16:27:07","modified_gmt":"2017-09-23T16:27:07","slug":"das-angebot","status":"publish","type":"page","link":"https:\/\/rusterholz-ag.ch\/fr\/rusterholz-ag\/das-angebot\/","title":{"rendered":"l&#8217;offre"},"content":{"rendered":"<p>Le lotissement&nbsp;compte 23 appartements de diff\u00e9rentes tailles dans 7 maisons diff\u00e9rentes. L&#8217;infrastructure disponible pour tous les locataires est:<\/p>\n<ul>\n<li>1 chambre d&#8217;h\u00f4tes s\u00e9par\u00e9e avec douche et toilette (frais CHF 10. -\/nuit)<\/li>\n<li>1 salon commun et salle de jeux<\/li>\n<li>1 atelier avec machines \u00e0 bois<\/li>\n<li>1 grande sauna (dans l&#8217;abri antia\u00e9rien)<\/li>\n<li>1 grand abri antia\u00e9rien comme salle de r\u00e9p\u00e9tition musicale<\/li>\n<li>3 buanderies communes<\/li>\n<li>1 grande table \u00e0 manger pr\u00e8s de la chemin\u00e9e<\/li>\n<li>jeux communs et espaces ouverts<\/li>\n<li>Espaces de plantation (si disponibles)<\/li>\n<\/ul>\n","protected":false},"excerpt":{"rendered":"<p>Le lotissement&nbsp;compte 23 appartements de diff\u00e9rentes tailles dans 7 maisons diff\u00e9rentes. L&#8217;infrastructure disponible pour tous les locataires est: 1 chambre d&#8217;h\u00f4tes s\u00e9par\u00e9e avec douche et toilette (frais CHF 10. -\/nuit) 1 salon commun et salle de jeux 1 atelier avec machines \u00e0 bois 1 grande sauna (dans l&#8217;abri antia\u00e9rien) 1 grand abri antia\u00e9rien comme salle [&hellip;]<\/p>\n","protected":false},"author":1,"featured_media":0,"parent":3,"menu_order":2,"comment_status":"closed","ping_status":"closed","template":"","meta":{"_monsterinsights_skip_tracking":false,"_monsterinsights_sitenote_active":false,"_monsterinsights_sitenote_note":"","_monsterinsights_sitenote_category":0,"ngg_post_thumbnail":0,"footnotes":""},"class_list":["post-47","page","type-page","status-publish","hentry"],"translation":{"provider":"WPGlobus","version":"3.0.2","language":"fr","enabled_languages":["de","en","fr"],"languages":{"de":{"title":true,"content":true,"excerpt":false},"en":{"title":true,"content":true,"excerpt":false},"fr":{"title":true,"content":true,"excerpt":false}}},"_links":{"self":[{"href":"https:\/\/rusterholz-ag.ch\/fr\/wp-json\/wp\/v2\/pages\/47","targetHints":{"allow":["GET"]}}],"collection":[{"href":"https:\/\/rusterholz-ag.ch\/fr\/wp-json\/wp\/v2\/pages"}],"about":[{"href":"https:\/\/rusterholz-ag.ch\/fr\/wp-json\/wp\/v2\/types\/page"}],"author":[{"embeddable":true,"href":"https:\/\/rusterholz-ag.ch\/fr\/wp-json\/wp\/v2\/users\/1"}],"replies":[{"embeddable":true,"href":"https:\/\/rusterholz-ag.ch\/fr\/wp-json\/wp\/v2\/comments?post=47"}],"version-history":[{"count":7,"href":"https:\/\/rusterholz-ag.ch\/fr\/wp-json\/wp\/v2\/pages\/47\/revisions"}],"predecessor-version":[{"id":1001,"href":"https:\/\/rusterholz-ag.ch\/fr\/wp-json\/wp\/v2\/pages\/47\/revisions\/1001"}],"up":[{"embeddable":true,"href":"https:\/\/rusterholz-ag.ch\/fr\/wp-json\/wp\/v2\/pages\/3"}],"wp:attachment":[{"href":"https:\/\/rusterholz-ag.ch\/fr\/wp-json\/wp\/v2\/media?parent=47"}],"curies":[{"name":"wp","href":"https:\/\/api.w.org\/{rel}","templated":true}]}}