{"id":467,"date":"2011-10-10T18:11:07","date_gmt":"2011-10-10T18:11:07","guid":{"rendered":"http:\/\/rusterholz-ag.ch\/?page_id=467"},"modified":"2018-04-15T09:55:27","modified_gmt":"2018-04-15T09:55:27","slug":"gebaude-615","status":"publish","type":"page","link":"https:\/\/rusterholz-ag.ch\/fr\/wohnungen\/gebaude-615\/","title":{"rendered":"Sch\u00fcrz 3"},"content":{"rendered":"<figure id=\"attachment_1383\" aria-describedby=\"caption-attachment-1383\" style=\"width: 300px\" class=\"wp-caption alignnone\"><a href=\"https:\/\/rusterholz-ag.ch\/wp-content\/uploads\/2018\/03\/Vogelschau_Schuerz_3.jpg\" rel=\"lightbox[467]\"><img loading=\"lazy\" decoding=\"async\" width=\"300\" height=\"200\" class=\"alignnone size-medium wp-image-1383\" alt=\"Bird's eye view Schuerz 3\" src=\"https:\/\/rusterholz-ag.ch\/wp-content\/uploads\/2018\/03\/Vogelschau_Schuerz_3-300x200.jpg\" srcset=\"https:\/\/rusterholz-ag.ch\/wp-content\/uploads\/2018\/03\/Vogelschau_Schuerz_3-300x200.jpg 300w, https:\/\/rusterholz-ag.ch\/wp-content\/uploads\/2018\/03\/Vogelschau_Schuerz_3-768x512.jpg 768w, https:\/\/rusterholz-ag.ch\/wp-content\/uploads\/2018\/03\/Vogelschau_Schuerz_3-800x533.jpg 800w, https:\/\/rusterholz-ag.ch\/wp-content\/uploads\/2018\/03\/Vogelschau_Schuerz_3.jpg 1122w\" sizes=\"auto, (max-width: 300px) 100vw, 300px\" \/><\/a><figcaption id=\"caption-attachment-1383\" class=\"wp-caption-text\"><span style=\"display: inline !important; float: none; background-color: transparent; color: #333333; cursor: text; font-family: Georgia,'Times New Roman','Bitstream Charter',Times,serif; font-size: 16px; font-style: normal; font-variant: normal; font-weight: 400; letter-spacing: normal; orphans: 2; text-align: left; text-decoration: none; text-indent: 0px; text-transform: none; -webkit-text-stroke-width: 0px; white-space: normal; word-spacing: 0px;\">Vue a\u00e9rienne view Sch\u00fcrz 3<\/span><\/figcaption><\/figure>\n<p>Le b\u00e2timent Sch\u00fcrz 3 a \u00e9t\u00e9 construit en 1988. Il comprend 5 appartements et une buanderie commune avec s\u00e9chage. Installations : Chauffage central au gaz et chaudi\u00e8res \u00e9lectriques domestiques. Dans ce b\u00e2timent, il y a une chambre d&#8217;amis de 16 m\u00b2 avec douche et toilettes, qui peut \u00eatre lou\u00e9e par tous les locataires du lotissement pour un prix tr\u00e8s raisonnable (Fr. 10. -\/nuit). De plus, au rez-de-chauss\u00e9e de ce b\u00e2timent, il y a une salle de jeux et de r\u00e9cr\u00e9ation chauff\u00e9e, qui peut \u00eatre utilis\u00e9e par tous les locataires de la colonie.<\/p>\n<p><strong>Offre :<\/strong><br \/>\nTrois appartements de 2\u00bd chambres \u00e0 coucher<br \/>\nDeux appartements de 3\u00bd chambres \u00e0 coucher<br \/>\nPlace de parking : 6 parkings ouverts<\/p>\n<figure id=\"attachment_1382\" aria-describedby=\"caption-attachment-1382\" style=\"width: 300px\" class=\"wp-caption alignnone\"><a href=\"https:\/\/rusterholz-ag.ch\/wp-content\/uploads\/2018\/03\/3_Westfassade.jpg\" rel=\"lightbox[467]\"><img loading=\"lazy\" decoding=\"async\" width=\"300\" height=\"225\" class=\"alignnone size-medium wp-image-1382\" alt=\"Westfassade Sch\u00fcrz 3\" src=\"https:\/\/rusterholz-ag.ch\/wp-content\/uploads\/2018\/03\/3_Westfassade-300x225.jpg\"><\/a><figcaption id=\"caption-attachment-1382\" class=\"wp-caption-text\">Fa\u00e7ade ouest Sch\u00fcrz 3<\/figcaption><\/figure>\n<figure id=\"attachment_1381\" aria-describedby=\"caption-attachment-1381\" style=\"width: 300px\" class=\"wp-caption alignnone\"><a href=\"https:\/\/rusterholz-ag.ch\/wp-content\/uploads\/2018\/03\/2_Nordfassade.jpg\" rel=\"lightbox[467]\"><img loading=\"lazy\" decoding=\"async\" width=\"300\" height=\"225\" class=\"alignnone size-medium wp-image-1381\" alt=\"Nordfassade Sch\u00fcrz 3\" src=\"https:\/\/rusterholz-ag.ch\/wp-content\/uploads\/2018\/03\/2_Nordfassade-300x225.jpg\"><\/a><figcaption id=\"caption-attachment-1381\" class=\"wp-caption-text\">Fa\u00e7ade nord Sch\u00fcrz 3<\/figcaption><\/figure>\n","protected":false},"excerpt":{"rendered":"<p>Le b\u00e2timent Sch\u00fcrz 3 a \u00e9t\u00e9 construit en 1988. Il comprend 5 appartements et une buanderie commune avec s\u00e9chage. Installations : Chauffage central au gaz et chaudi\u00e8res \u00e9lectriques domestiques. Dans ce b\u00e2timent, il y a une chambre d&#8217;amis de 16 m\u00b2 avec douche et toilettes, qui peut \u00eatre lou\u00e9e par tous les locataires du lotissement [&hellip;]<\/p>\n","protected":false},"author":2,"featured_media":0,"parent":5,"menu_order":1,"comment_status":"closed","ping_status":"closed","template":"","meta":{"_monsterinsights_skip_tracking":false,"_monsterinsights_sitenote_active":false,"_monsterinsights_sitenote_note":"","_monsterinsights_sitenote_category":0,"ngg_post_thumbnail":0,"footnotes":""},"class_list":["post-467","page","type-page","status-publish","hentry"],"translation":{"provider":"WPGlobus","version":"3.0.2","language":"fr","enabled_languages":["de","en","fr"],"languages":{"de":{"title":true,"content":true,"excerpt":false},"en":{"title":true,"content":true,"excerpt":false},"fr":{"title":true,"content":true,"excerpt":false}}},"_links":{"self":[{"href":"https:\/\/rusterholz-ag.ch\/fr\/wp-json\/wp\/v2\/pages\/467","targetHints":{"allow":["GET"]}}],"collection":[{"href":"https:\/\/rusterholz-ag.ch\/fr\/wp-json\/wp\/v2\/pages"}],"about":[{"href":"https:\/\/rusterholz-ag.ch\/fr\/wp-json\/wp\/v2\/types\/page"}],"author":[{"embeddable":true,"href":"https:\/\/rusterholz-ag.ch\/fr\/wp-json\/wp\/v2\/users\/2"}],"replies":[{"embeddable":true,"href":"https:\/\/rusterholz-ag.ch\/fr\/wp-json\/wp\/v2\/comments?post=467"}],"version-history":[{"count":58,"href":"https:\/\/rusterholz-ag.ch\/fr\/wp-json\/wp\/v2\/pages\/467\/revisions"}],"predecessor-version":[{"id":1678,"href":"https:\/\/rusterholz-ag.ch\/fr\/wp-json\/wp\/v2\/pages\/467\/revisions\/1678"}],"up":[{"embeddable":true,"href":"https:\/\/rusterholz-ag.ch\/fr\/wp-json\/wp\/v2\/pages\/5"}],"wp:attachment":[{"href":"https:\/\/rusterholz-ag.ch\/fr\/wp-json\/wp\/v2\/media?parent=467"}],"curies":[{"name":"wp","href":"https:\/\/api.w.org\/{rel}","templated":true}]}}