{"id":34,"date":"2010-04-23T10:11:10","date_gmt":"2010-04-23T10:11:10","guid":{"rendered":"http:\/\/www.artosteiner.com\/rusterholz\/"},"modified":"2017-09-23T17:31:04","modified_gmt":"2017-09-23T17:31:04","slug":"philosophie-und-organisation","status":"publish","type":"page","link":"https:\/\/rusterholz-ag.ch\/fr\/rusterholz-ag\/philosophie-und-organisation\/","title":{"rendered":"Philosophie"},"content":{"rendered":"<h3>Une philosophie de la coexistence : &#8220;les petits r\u00e9seaux&#8221;.<\/h3>\n<p>Les &#8221;&nbsp;petits r\u00e9seaux&#8221; sont une tentative d&#8217;intercepter la s\u00e9gr\u00e9gation sociale et \u00e9conomique et l&#8217;appauvrissement de la soci\u00e9t\u00e9 qui en d\u00e9coule, l\u00e0 o\u00f9 elle se cr\u00e9e dans une large mesure&nbsp;: dans le petit espace de la maison et de ses environs imm\u00e9diats. Pour les groupes de 30 \u00e0 80 personnes, le logement, le cadre de vie et la structure sociale doivent \u00eatre organis\u00e9s de mani\u00e8re \u00e0 ce que la solidarit\u00e9 et l&#8217;entraide soient cr\u00e9\u00e9es sans grands mots et sans confessions, un &#8220;petit filet&#8221; qui facilite et enrichisse la vie des habitants et qui soit aussi assez fort pour offrir un espace \u00e0 un certain nombre de personnes qui, pour une raison ou une autre (\u00e2ge, capacit\u00e9 physique et mentale) ne peuvent pas vivre compl\u00e8tement seules.<\/p>\n<p>Tir\u00e9 de &#8220;les petits r\u00e9seaux &#8211; une esquisse&#8221;. Hans Rusterholz, 1972\/74\/76<\/p>\n<p>Assistance\/R\u00e8gles de la Chambre<br \/>\n[intlink id=&#8221;38&#8243; type=&#8221;page&#8221;]Assistance\/ordre de la maison[\/intlink]&nbsp;<\/p>\n","protected":false},"excerpt":{"rendered":"<p>Une philosophie de la coexistence : &#8220;les petits r\u00e9seaux&#8221;. Les &#8221;&nbsp;petits r\u00e9seaux&#8221; sont une tentative d&#8217;intercepter la s\u00e9gr\u00e9gation sociale et \u00e9conomique et l&#8217;appauvrissement de la soci\u00e9t\u00e9 qui en d\u00e9coule, l\u00e0 o\u00f9 elle se cr\u00e9e dans une large mesure&nbsp;: dans le petit espace de la maison et de ses environs imm\u00e9diats. Pour les groupes de 30 [&hellip;]<\/p>\n","protected":false},"author":1,"featured_media":0,"parent":3,"menu_order":5,"comment_status":"closed","ping_status":"closed","template":"","meta":{"_monsterinsights_skip_tracking":false,"_monsterinsights_sitenote_active":false,"_monsterinsights_sitenote_note":"","_monsterinsights_sitenote_category":0,"ngg_post_thumbnail":0,"footnotes":""},"class_list":["post-34","page","type-page","status-publish","hentry"],"translation":{"provider":"WPGlobus","version":"3.0.2","language":"fr","enabled_languages":["de","en","fr"],"languages":{"de":{"title":true,"content":true,"excerpt":false},"en":{"title":true,"content":true,"excerpt":false},"fr":{"title":true,"content":true,"excerpt":false}}},"_links":{"self":[{"href":"https:\/\/rusterholz-ag.ch\/fr\/wp-json\/wp\/v2\/pages\/34","targetHints":{"allow":["GET"]}}],"collection":[{"href":"https:\/\/rusterholz-ag.ch\/fr\/wp-json\/wp\/v2\/pages"}],"about":[{"href":"https:\/\/rusterholz-ag.ch\/fr\/wp-json\/wp\/v2\/types\/page"}],"author":[{"embeddable":true,"href":"https:\/\/rusterholz-ag.ch\/fr\/wp-json\/wp\/v2\/users\/1"}],"replies":[{"embeddable":true,"href":"https:\/\/rusterholz-ag.ch\/fr\/wp-json\/wp\/v2\/comments?post=34"}],"version-history":[{"count":14,"href":"https:\/\/rusterholz-ag.ch\/fr\/wp-json\/wp\/v2\/pages\/34\/revisions"}],"predecessor-version":[{"id":1244,"href":"https:\/\/rusterholz-ag.ch\/fr\/wp-json\/wp\/v2\/pages\/34\/revisions\/1244"}],"up":[{"embeddable":true,"href":"https:\/\/rusterholz-ag.ch\/fr\/wp-json\/wp\/v2\/pages\/3"}],"wp:attachment":[{"href":"https:\/\/rusterholz-ag.ch\/fr\/wp-json\/wp\/v2\/media?parent=34"}],"curies":[{"name":"wp","href":"https:\/\/api.w.org\/{rel}","templated":true}]}}