{"id":314,"date":"2010-06-04T12:48:47","date_gmt":"2010-06-04T12:48:47","guid":{"rendered":"http:\/\/rusterholz-ag.ch\/"},"modified":"2018-04-15T10:22:48","modified_gmt":"2018-04-15T10:22:48","slug":"organisation","status":"publish","type":"page","link":"https:\/\/rusterholz-ag.ch\/fr\/rusterholz-ag\/organisation\/","title":{"rendered":"l&#8217;organisation"},"content":{"rendered":"<h3>Assistance aux travaux de maintenance<\/h3>\n<p>Tous les locataires doivent assumer une partie des travaux d&#8217;entretien de l&#8217;\u00e9tablissement. Il s&#8217;agit en particulier de<\/p>\n<ul>\n<li>tondre la pelouse<\/li>\n<li>Nettoyage des places publiques et des routes d&#8217;acc\u00e8s<\/li>\n<li>Nettoyage de cages d&#8217;escaliers, buanderies, salles g\u00e9n\u00e9rales<\/li>\n<li>D\u00e9ploiement de journaux pour l&#8217;enl\u00e8vement<\/li>\n<\/ul>\n<p>Les gardiens et les r\u00e9sidents d&#8217;une maison tiennent une r\u00e9union annuelle de la maison, au cours de laquelle le travail est distribu\u00e9. Les gardiens ont des t\u00e2ches sp\u00e9cifiques et la t\u00e2che de rappeler doucement aux locataires leurs obligations.<br \/>\n1 \u00e0 2 fois par an, un samedi de travail est organis\u00e9 sur lequel tous les locataires et locataires sont invit\u00e9s (avec feu, saucisse et pain).<br \/>\nLes animaux sont admis, sauf les chiens<\/p>\n<h3>Assistance\/ordre de la maison<\/h3>\n<p>[intlink id=&#8221;38&#8243; type=&#8221;page&#8221;]Assistance\/ordre de la maison[\/intlink] (Assistance\/ordre de la maison[\/intlink)<\/p>\n<p>&nbsp;<\/p>\n","protected":false},"excerpt":{"rendered":"<p>Assistance aux travaux de maintenance Tous les locataires doivent assumer une partie des travaux d&#8217;entretien de l&#8217;\u00e9tablissement. Il s&#8217;agit en particulier de tondre la pelouse Nettoyage des places publiques et des routes d&#8217;acc\u00e8s Nettoyage de cages d&#8217;escaliers, buanderies, salles g\u00e9n\u00e9rales D\u00e9ploiement de journaux pour l&#8217;enl\u00e8vement Les gardiens et les r\u00e9sidents d&#8217;une maison tiennent une r\u00e9union [&hellip;]<\/p>\n","protected":false},"author":1,"featured_media":0,"parent":3,"menu_order":3,"comment_status":"closed","ping_status":"closed","template":"","meta":{"_monsterinsights_skip_tracking":false,"_monsterinsights_sitenote_active":false,"_monsterinsights_sitenote_note":"","_monsterinsights_sitenote_category":0,"ngg_post_thumbnail":0,"footnotes":""},"class_list":["post-314","page","type-page","status-publish","hentry"],"translation":{"provider":"WPGlobus","version":"3.0.2","language":"fr","enabled_languages":["de","en","fr"],"languages":{"de":{"title":true,"content":true,"excerpt":false},"en":{"title":true,"content":true,"excerpt":false},"fr":{"title":true,"content":true,"excerpt":false}}},"_links":{"self":[{"href":"https:\/\/rusterholz-ag.ch\/fr\/wp-json\/wp\/v2\/pages\/314","targetHints":{"allow":["GET"]}}],"collection":[{"href":"https:\/\/rusterholz-ag.ch\/fr\/wp-json\/wp\/v2\/pages"}],"about":[{"href":"https:\/\/rusterholz-ag.ch\/fr\/wp-json\/wp\/v2\/types\/page"}],"author":[{"embeddable":true,"href":"https:\/\/rusterholz-ag.ch\/fr\/wp-json\/wp\/v2\/users\/1"}],"replies":[{"embeddable":true,"href":"https:\/\/rusterholz-ag.ch\/fr\/wp-json\/wp\/v2\/comments?post=314"}],"version-history":[{"count":18,"href":"https:\/\/rusterholz-ag.ch\/fr\/wp-json\/wp\/v2\/pages\/314\/revisions"}],"predecessor-version":[{"id":1003,"href":"https:\/\/rusterholz-ag.ch\/fr\/wp-json\/wp\/v2\/pages\/314\/revisions\/1003"}],"up":[{"embeddable":true,"href":"https:\/\/rusterholz-ag.ch\/fr\/wp-json\/wp\/v2\/pages\/3"}],"wp:attachment":[{"href":"https:\/\/rusterholz-ag.ch\/fr\/wp-json\/wp\/v2\/media?parent=314"}],"curies":[{"name":"wp","href":"https:\/\/api.w.org\/{rel}","templated":true}]}}