{"id":3,"date":"2010-04-22T11:52:23","date_gmt":"2010-04-22T11:52:23","guid":{"rendered":"http:\/\/www.artosteiner.com\/rusterholz\/?page_id=3"},"modified":"2018-04-04T17:54:38","modified_gmt":"2018-04-04T17:54:38","slug":"rusterholz-ag","status":"publish","type":"page","link":"https:\/\/rusterholz-ag.ch\/fr\/rusterholz-ag\/","title":{"rendered":"Rusterholz SA"},"content":{"rendered":"<h3>Qui est Rusterholz SA?<\/h3>\n<p>Elle est la successeur des h\u00e9ritiers de la communaut\u00e9 de G. +A. Rusterholz-Kull (1958 &#8211; 1994)<br \/>\nDepuis 1994, une soci\u00e9t\u00e9 anonyme avec deux groupes de participation diff\u00e9rents<\/p>\n<ul>\n<li>La majorit\u00e9 des voix est d\u00e9tenue par la Fondation G. et A. Rusterholz-Kull<\/li>\n<li>Les votes restants sont d\u00e9tenus par les membres de la famille<\/li>\n<\/ul>\n<p>Rusterholz AG doit agir conform\u00e9ment \u00e0 l&#8217;objet de la fondation.<br \/>\n[intlink id=&#8221;26&#8243; type=&#8221;page&#8221;]Organigramme organisationnel[\/intlink]<\/p>\n<h3>G. A. Rusterholz &#8211; Fondation Kull<\/h3>\n<p>Les donateurs ont fond\u00e9 la soci\u00e9t\u00e9 Rusterholz AG \u00e0 la m\u00eame date et y contribuent tous les biens immobiliers de la communaut\u00e9 des h\u00e9ritiers.<\/p>\n<h3>But de la fondation<\/h3>\n<p>L&#8217;\u00e9tablissement de la fondation et la fondation simultan\u00e9e de Rusterholz AG ont pour but de soustraire d\u00e9finitivement \u00e0 la sp\u00e9culation les biens h\u00e9rit\u00e9s des parents et les biens issus de la communaut\u00e9 d&#8217;h\u00e9ritiers, qui se compose de terrains et des b\u00e2timents associ\u00e9s, et d&#8217;assurer une utilisation et une administration ordonn\u00e9e dans le but de pr\u00e9server et de cr\u00e9er de nouveaux appartements bon march\u00e9 pour les locataires.<\/p>\n","protected":false},"excerpt":{"rendered":"<p>Qui est Rusterholz SA? Elle est la successeur des h\u00e9ritiers de la communaut\u00e9 de G. +A. Rusterholz-Kull (1958 &#8211; 1994) Depuis 1994, une soci\u00e9t\u00e9 anonyme avec deux groupes de participation diff\u00e9rents La majorit\u00e9 des voix est d\u00e9tenue par la Fondation G. et A. Rusterholz-Kull Les votes restants sont d\u00e9tenus par les membres de la famille [&hellip;]<\/p>\n","protected":false},"author":1,"featured_media":0,"parent":0,"menu_order":3,"comment_status":"closed","ping_status":"closed","template":"","meta":{"_monsterinsights_skip_tracking":false,"_monsterinsights_sitenote_active":false,"_monsterinsights_sitenote_note":"","_monsterinsights_sitenote_category":0,"ngg_post_thumbnail":0,"footnotes":""},"class_list":["post-3","page","type-page","status-publish","hentry"],"translation":{"provider":"WPGlobus","version":"3.0.2","language":"fr","enabled_languages":["de","en","fr"],"languages":{"de":{"title":true,"content":true,"excerpt":false},"en":{"title":true,"content":true,"excerpt":false},"fr":{"title":true,"content":true,"excerpt":false}}},"_links":{"self":[{"href":"https:\/\/rusterholz-ag.ch\/fr\/wp-json\/wp\/v2\/pages\/3","targetHints":{"allow":["GET"]}}],"collection":[{"href":"https:\/\/rusterholz-ag.ch\/fr\/wp-json\/wp\/v2\/pages"}],"about":[{"href":"https:\/\/rusterholz-ag.ch\/fr\/wp-json\/wp\/v2\/types\/page"}],"author":[{"embeddable":true,"href":"https:\/\/rusterholz-ag.ch\/fr\/wp-json\/wp\/v2\/users\/1"}],"replies":[{"embeddable":true,"href":"https:\/\/rusterholz-ag.ch\/fr\/wp-json\/wp\/v2\/comments?post=3"}],"version-history":[{"count":12,"href":"https:\/\/rusterholz-ag.ch\/fr\/wp-json\/wp\/v2\/pages\/3\/revisions"}],"predecessor-version":[{"id":1697,"href":"https:\/\/rusterholz-ag.ch\/fr\/wp-json\/wp\/v2\/pages\/3\/revisions\/1697"}],"wp:attachment":[{"href":"https:\/\/rusterholz-ag.ch\/fr\/wp-json\/wp\/v2\/media?parent=3"}],"curies":[{"name":"wp","href":"https:\/\/api.w.org\/{rel}","templated":true}]}}