{"id":2,"date":"2018-04-03T16:52:06","date_gmt":"2018-04-03T16:52:06","guid":{"rendered":"http:\/\/www.artosteiner.com\/rusterholz\/?page_id=2"},"modified":"2018-04-07T17:25:56","modified_gmt":"2018-04-07T17:25:56","slug":"about","status":"publish","type":"page","link":"https:\/\/rusterholz-ag.ch\/fr\/","title":{"rendered":"page d&#8217;accueil"},"content":{"rendered":"<h2>La soci\u00e9t\u00e9 Rusterholz SA<\/h2>\n<p>Rusterholz SA est une petite soci\u00e9t\u00e9 immobili\u00e8re. Les actionnaires sont des membres de la famille.<\/p>\n<figure id=\"attachment_486\" aria-describedby=\"caption-attachment-486\" style=\"width: 300px\" class=\"wp-caption alignnone\"><a href=\"https:\/\/rusterholz-ag.ch\/wp-content\/uploads\/2011\/10\/Luftbild_Schuerz_3.jpg\" rel=\"lightbox[2]\"><img loading=\"lazy\" decoding=\"async\" width=\"300\" height=\"223\" class=\"wp-image-486 size-medium\" alt=\"Vue aerienne de la Rusterholz-SA \" src=\"https:\/\/rusterholz-ag.ch\/wp-content\/uploads\/2011\/10\/Luftbild_Schuerz_3-300x223.jpg\" srcset=\"https:\/\/rusterholz-ag.ch\/wp-content\/uploads\/2011\/10\/Luftbild_Schuerz_3-300x223.jpg 300w, https:\/\/rusterholz-ag.ch\/wp-content\/uploads\/2011\/10\/Luftbild_Schuerz_3.jpg 640w\" sizes=\"auto, (max-width: 300px) 100vw, 300px\" \/><\/a><figcaption id=\"caption-attachment-486\" class=\"wp-caption-text\">Vue aerienne de la Rusterholz-SA<\/figcaption><\/figure>\n<h3>Quel est l&#8217;offre de cette soci\u00e9t\u00e9?<\/h3>\n<p>Rusterholz SA est propri\u00e9taire d&#8217;un terrain de 7.800 m\u00b2 \u00e0 Niederlenz, Suisse, sur lequel 23 appartements de diff\u00e9rentes tailles ont \u00e9t\u00e9 construits dans sept b\u00e2timents diff\u00e9rents.&nbsp; Le b\u00e2timent le plus ancien a environ 180 ans, le plus r\u00e9cent a \u00e9t\u00e9 achev\u00e9 en 2010 selon les derni\u00e8res normes \u00e9nerg\u00e9tiques.<\/p>\n<h3>Strat\u00e9gie de location<\/h3>\n<p>Rusterholz SA attache une grande importance \u00e0 la bonne coexistence entre tous les locataires. Un bon m\u00e9lange de tous les \u00e2ges est stimulant et enrichissant pour tous les r\u00e9sidents. Les espaces verts partag\u00e9s et les d\u00e9pendances (salle communautaire, buanderie, atelier) offrent l&#8217;occasion de rencontres et de contacts.<\/p>\n<h3>Information<\/h3>\n<p>Sur ce site Internet, Rusterholz SA est pr\u00e9sent\u00e9, l&#8217;\u00e9volution de la propri\u00e9t\u00e9 d&#8217;un b\u00e2timent d&#8217;usine \u00e0 un petit lotissement, la philosophie est expliqu\u00e9e et les appartements individuels sont montr\u00e9s (voir &#8220;Appartements&#8221;). ngg_shortcode_0_placeholder<\/p>\n","protected":false},"excerpt":{"rendered":"<p>La soci\u00e9t\u00e9 Rusterholz SA Rusterholz SA est une petite soci\u00e9t\u00e9 immobili\u00e8re. Les actionnaires sont des membres de la famille. Quel est l&#8217;offre de cette soci\u00e9t\u00e9? Rusterholz SA est propri\u00e9taire d&#8217;un terrain de 7.800 m\u00b2 \u00e0 Niederlenz, Suisse, sur lequel 23 appartements de diff\u00e9rentes tailles ont \u00e9t\u00e9 construits dans sept b\u00e2timents diff\u00e9rents.&nbsp; Le b\u00e2timent le plus [&hellip;]<\/p>\n","protected":false},"author":1,"featured_media":0,"parent":0,"menu_order":2,"comment_status":"closed","ping_status":"closed","template":"","meta":{"_monsterinsights_skip_tracking":false,"_monsterinsights_sitenote_active":false,"_monsterinsights_sitenote_note":"","_monsterinsights_sitenote_category":0,"ngg_post_thumbnail":0,"footnotes":""},"class_list":["post-2","page","type-page","status-publish","hentry"],"translation":{"provider":"WPGlobus","version":"3.0.2","language":"fr","enabled_languages":["de","en","fr"],"languages":{"de":{"title":true,"content":true,"excerpt":false},"en":{"title":true,"content":true,"excerpt":false},"fr":{"title":true,"content":true,"excerpt":false}}},"_links":{"self":[{"href":"https:\/\/rusterholz-ag.ch\/fr\/wp-json\/wp\/v2\/pages\/2","targetHints":{"allow":["GET"]}}],"collection":[{"href":"https:\/\/rusterholz-ag.ch\/fr\/wp-json\/wp\/v2\/pages"}],"about":[{"href":"https:\/\/rusterholz-ag.ch\/fr\/wp-json\/wp\/v2\/types\/page"}],"author":[{"embeddable":true,"href":"https:\/\/rusterholz-ag.ch\/fr\/wp-json\/wp\/v2\/users\/1"}],"replies":[{"embeddable":true,"href":"https:\/\/rusterholz-ag.ch\/fr\/wp-json\/wp\/v2\/comments?post=2"}],"version-history":[{"count":53,"href":"https:\/\/rusterholz-ag.ch\/fr\/wp-json\/wp\/v2\/pages\/2\/revisions"}],"predecessor-version":[{"id":980,"href":"https:\/\/rusterholz-ag.ch\/fr\/wp-json\/wp\/v2\/pages\/2\/revisions\/980"}],"wp:attachment":[{"href":"https:\/\/rusterholz-ag.ch\/fr\/wp-json\/wp\/v2\/media?parent=2"}],"curies":[{"name":"wp","href":"https:\/\/api.w.org\/{rel}","templated":true}]}}