{"id":18,"date":"2010-04-23T08:49:20","date_gmt":"2010-04-23T08:49:20","guid":{"rendered":"http:\/\/www.artosteiner.com\/rusterholz\/?page_id=18"},"modified":"2018-04-15T10:12:34","modified_gmt":"2018-04-15T10:12:34","slug":"umgebung","status":"publish","type":"page","link":"https:\/\/rusterholz-ag.ch\/fr\/umgebung\/","title":{"rendered":"Espaces ext\u00e9rieurs"},"content":{"rendered":"<figure id=\"attachment_1401\" aria-describedby=\"caption-attachment-1401\" style=\"width: 300px\" class=\"wp-caption alignnone\"><a href=\"https:\/\/rusterholz-ag.ch\/wp-content\/uploads\/2018\/03\/1_Vogelschau_Situationsplan.jpg\" rel=\"lightbox[18]\"><img loading=\"lazy\" decoding=\"async\" width=\"300\" height=\"254\" class=\"size-medium wp-image-1401\" alt=\"Vogelschau gesamte Siedlung (Zeichnung)\" src=\"https:\/\/rusterholz-ag.ch\/wp-content\/uploads\/2018\/03\/1_Vogelschau_Situationsplan-300x254.jpg\" srcset=\"https:\/\/rusterholz-ag.ch\/wp-content\/uploads\/2018\/03\/1_Vogelschau_Situationsplan-300x254.jpg 300w, https:\/\/rusterholz-ag.ch\/wp-content\/uploads\/2018\/03\/1_Vogelschau_Situationsplan-768x650.jpg 768w, https:\/\/rusterholz-ag.ch\/wp-content\/uploads\/2018\/03\/1_Vogelschau_Situationsplan-800x677.jpg 800w, https:\/\/rusterholz-ag.ch\/wp-content\/uploads\/2018\/03\/1_Vogelschau_Situationsplan.jpg 1600w\" sizes=\"auto, (max-width: 300px) 100vw, 300px\" \/><\/a><figcaption id=\"caption-attachment-1401\" class=\"wp-caption-text\"><span style=\"display: inline !important; float: none; background-color: transparent; color: #333333; cursor: text; font-family: Georgia,'Times New Roman','Bitstream Charter',Times,serif; font-size: 16px; font-style: normal; font-variant: normal; font-weight: 400; letter-spacing: normal; orphans: 2; text-align: left; text-decoration: none; text-indent: 0px; text-transform: none; -webkit-text-stroke-width: 0px; white-space: normal; word-spacing: 0px;\">Vue aerienne tout le lotissement (dessin)<\/span><\/figcaption><\/figure>\n<p>La propri\u00e9t\u00e9 de Rusterholz AG se trouve entre Wildeggerstrasse et Sch\u00fcrz. Il a une superficie de 7&#8217;800 m2.<br \/>\nAu total, 23 appartements de tailles diff\u00e9rentes ont \u00e9t\u00e9 construits dans sept b\u00e2timents diff\u00e9rents sur le site. Le b\u00e2timent le plus ancien a environ 180 ans, le plus jeune a \u00e9t\u00e9 achev\u00e9 en 2010 selon les normes \u00e9nerg\u00e9tiques les plus r\u00e9centes.<br \/>\nLa grande surface peut \u00eatre utilis\u00e9e par tous les locataires et par les enfants pour jouer. Les seules exceptions sont les si\u00e8ges de jardin priv\u00e9s.<br \/>\nIl y a deux zones de barbecue, deux tables communes, de grandes aires de jeux, une petite salle commune, un sauna, un atelier en bois bien \u00e9quip\u00e9 et une chambre d&#8217;amis qui peut \u00eatre lou\u00e9e \u00e0 un prix raisonnable <span style=\"display: inline !important; float: none; background-color: transparent; color: #333333; cursor: text; font-family: Georgia,'Times New Roman','Bitstream Charter',Times,serif; font-size: 16px; font-style: normal; font-variant: normal; font-weight: 400; letter-spacing: normal; orphans: 2; text-align: left; text-decoration: none; text-indent: 0px; text-transform: none; -webkit-text-stroke-width: 0px; white-space: normal; word-spacing: 0px;\">(Fr. 10.-\/jour) <\/span>.<\/p>\n<p>&nbsp;<\/p>\n<figure id=\"attachment_1408\" aria-describedby=\"caption-attachment-1408\" style=\"width: 300px\" class=\"wp-caption alignnone\"><a href=\"https:\/\/rusterholz-ag.ch\/wp-content\/uploads\/2018\/03\/8_Schauckel.jpg\" rel=\"lightbox[18]\"><img loading=\"lazy\" decoding=\"async\" width=\"300\" height=\"180\" class=\"wp-image-1408 size-medium\" alt=\"The swing\" src=\"https:\/\/rusterholz-ag.ch\/wp-content\/uploads\/2018\/03\/8_Schauckel-300x180.jpg\" srcset=\"https:\/\/rusterholz-ag.ch\/wp-content\/uploads\/2018\/03\/8_Schauckel-300x180.jpg 300w, https:\/\/rusterholz-ag.ch\/wp-content\/uploads\/2018\/03\/8_Schauckel-768x461.jpg 768w, https:\/\/rusterholz-ag.ch\/wp-content\/uploads\/2018\/03\/8_Schauckel-800x480.jpg 800w, https:\/\/rusterholz-ag.ch\/wp-content\/uploads\/2018\/03\/8_Schauckel.jpg 1600w\" sizes=\"auto, (max-width: 300px) 100vw, 300px\" \/><\/a><figcaption id=\"caption-attachment-1408\" class=\"wp-caption-text\">L<span style=\"display: inline !important; float: none; background-color: transparent; color: #333333; cursor: text; font-family: Georgia,'Times New Roman','Bitstream Charter',Times,serif; font-size: 16px; font-style: normal; font-variant: normal; font-weight: 400; letter-spacing: normal; orphans: 2; text-align: left; text-decoration: none; text-indent: 0px; text-transform: none; -webkit-text-stroke-width: 0px; white-space: normal; word-spacing: 0px;\">e swing<\/span><\/figcaption><\/figure>\n<figure id=\"attachment_1407\" aria-describedby=\"caption-attachment-1407\" style=\"width: 225px\" class=\"wp-caption alignnone\"><a href=\"https:\/\/rusterholz-ag.ch\/wp-content\/uploads\/2018\/03\/7_Stelzenhaus.jpg\" rel=\"lightbox[18]\"><img loading=\"lazy\" decoding=\"async\" width=\"225\" height=\"300\" class=\"wp-image-1407 size-medium\" alt=\"maison de jeux pour enfants \" src=\"https:\/\/rusterholz-ag.ch\/wp-content\/uploads\/2018\/03\/7_Stelzenhaus-225x300.jpg\" srcset=\"https:\/\/rusterholz-ag.ch\/wp-content\/uploads\/2018\/03\/7_Stelzenhaus-225x300.jpg 225w, https:\/\/rusterholz-ag.ch\/wp-content\/uploads\/2018\/03\/7_Stelzenhaus-768x1024.jpg 768w, https:\/\/rusterholz-ag.ch\/wp-content\/uploads\/2018\/03\/7_Stelzenhaus-600x800.jpg 600w, https:\/\/rusterholz-ag.ch\/wp-content\/uploads\/2018\/03\/7_Stelzenhaus.jpg 1536w\" sizes=\"auto, (max-width: 225px) 100vw, 225px\" \/><\/a><figcaption id=\"caption-attachment-1407\" class=\"wp-caption-text\">Maison de jeux pour enfants<\/figcaption><\/figure>\n<figure id=\"attachment_1414\" aria-describedby=\"caption-attachment-1414\" style=\"width: 225px\" class=\"wp-caption alignnone\"><a href=\"https:\/\/rusterholz-ag.ch\/wp-content\/uploads\/2018\/03\/14_Werkstatt.jpg\" rel=\"lightbox[18]\"><img loading=\"lazy\" decoding=\"async\" width=\"225\" height=\"300\" class=\"wp-image-1414 size-medium\" alt=\"Wood workshop\" src=\"https:\/\/rusterholz-ag.ch\/wp-content\/uploads\/2018\/03\/14_Werkstatt-225x300.jpg\" srcset=\"https:\/\/rusterholz-ag.ch\/wp-content\/uploads\/2018\/03\/14_Werkstatt-225x300.jpg 225w, https:\/\/rusterholz-ag.ch\/wp-content\/uploads\/2018\/03\/14_Werkstatt-768x1024.jpg 768w, https:\/\/rusterholz-ag.ch\/wp-content\/uploads\/2018\/03\/14_Werkstatt-600x800.jpg 600w, https:\/\/rusterholz-ag.ch\/wp-content\/uploads\/2018\/03\/14_Werkstatt.jpg 1536w\" sizes=\"auto, (max-width: 225px) 100vw, 225px\" \/><\/a><figcaption id=\"caption-attachment-1414\" class=\"wp-caption-text\">Atelier de menuiserie<\/figcaption><\/figure>\n<figure id=\"attachment_1415\" aria-describedby=\"caption-attachment-1415\" style=\"width: 300px\" class=\"wp-caption alignnone\"><a href=\"https:\/\/rusterholz-ag.ch\/wp-content\/uploads\/2018\/03\/15_W\u00e4scheh\u00e4nge-unter-Glasdach.jpg\" rel=\"lightbox[18]\"><img loading=\"lazy\" decoding=\"async\" width=\"300\" height=\"225\" class=\"wp-image-1415 size-medium\" alt=\"Laundry hanger under glass roof\" src=\"https:\/\/rusterholz-ag.ch\/wp-content\/uploads\/2018\/03\/15_W\u00e4scheh\u00e4nge-unter-Glasdach-300x225.jpg\" srcset=\"https:\/\/rusterholz-ag.ch\/wp-content\/uploads\/2018\/03\/15_W\u00e4scheh\u00e4nge-unter-Glasdach-300x225.jpg 300w, https:\/\/rusterholz-ag.ch\/wp-content\/uploads\/2018\/03\/15_W\u00e4scheh\u00e4nge-unter-Glasdach-768x576.jpg 768w, https:\/\/rusterholz-ag.ch\/wp-content\/uploads\/2018\/03\/15_W\u00e4scheh\u00e4nge-unter-Glasdach-800x600.jpg 800w, https:\/\/rusterholz-ag.ch\/wp-content\/uploads\/2018\/03\/15_W\u00e4scheh\u00e4nge-unter-Glasdach.jpg 1600w\" sizes=\"auto, (max-width: 300px) 100vw, 300px\" \/><\/a><figcaption id=\"caption-attachment-1415\" class=\"wp-caption-text\">Cintre \u00e0 linge sous le toit en verre<\/figcaption><\/figure>\n<figure id=\"attachment_1413\" aria-describedby=\"caption-attachment-1413\" style=\"width: 300px\" class=\"wp-caption alignnone\"><a href=\"https:\/\/rusterholz-ag.ch\/wp-content\/uploads\/2018\/03\/13_Veloabstellpl\u00e4tze.jpg\" rel=\"lightbox[18]\"><img loading=\"lazy\" decoding=\"async\" width=\"300\" height=\"225\" class=\"wp-image-1413 size-medium\" alt=\"Bicycle parking 1\" src=\"https:\/\/rusterholz-ag.ch\/wp-content\/uploads\/2018\/03\/13_Veloabstellpl\u00e4tze-300x225.jpg\" srcset=\"https:\/\/rusterholz-ag.ch\/wp-content\/uploads\/2018\/03\/13_Veloabstellpl\u00e4tze-300x225.jpg 300w, https:\/\/rusterholz-ag.ch\/wp-content\/uploads\/2018\/03\/13_Veloabstellpl\u00e4tze-768x576.jpg 768w, https:\/\/rusterholz-ag.ch\/wp-content\/uploads\/2018\/03\/13_Veloabstellpl\u00e4tze-800x600.jpg 800w, https:\/\/rusterholz-ag.ch\/wp-content\/uploads\/2018\/03\/13_Veloabstellpl\u00e4tze.jpg 1600w\" sizes=\"auto, (max-width: 300px) 100vw, 300px\" \/><\/a><figcaption id=\"caption-attachment-1413\" class=\"wp-caption-text\">Places de stationnement pour v\u00e9los<span style=\"display: inline !important; float: none; background-color: transparent; color: #333333; cursor: text; font-family: Georgia,'Times New Roman','Bitstream Charter',Times,serif; font-size: 16px; font-style: normal; font-variant: normal; font-weight: 400; letter-spacing: normal; orphans: 2; text-align: left; text-decoration: none; text-indent: 0px; text-transform: none; -webkit-text-stroke-width: 0px; white-space: normal; word-spacing: 0px;\">&nbsp;1<\/span><\/figcaption><\/figure>\n<figure id=\"attachment_1412\" aria-describedby=\"caption-attachment-1412\" style=\"width: 300px\" class=\"wp-caption alignnone\"><a href=\"https:\/\/rusterholz-ag.ch\/wp-content\/uploads\/2018\/03\/12_Veloabstellpl\u00e4tze.jpg\" rel=\"lightbox[18]\"><img loading=\"lazy\" decoding=\"async\" width=\"300\" height=\"225\" class=\"wp-image-1412 size-medium\" alt=\"Bicycle parking 2\" src=\"https:\/\/rusterholz-ag.ch\/wp-content\/uploads\/2018\/03\/12_Veloabstellpl\u00e4tze-300x225.jpg\" srcset=\"https:\/\/rusterholz-ag.ch\/wp-content\/uploads\/2018\/03\/12_Veloabstellpl\u00e4tze-300x225.jpg 300w, https:\/\/rusterholz-ag.ch\/wp-content\/uploads\/2018\/03\/12_Veloabstellpl\u00e4tze-768x576.jpg 768w, https:\/\/rusterholz-ag.ch\/wp-content\/uploads\/2018\/03\/12_Veloabstellpl\u00e4tze-800x600.jpg 800w, https:\/\/rusterholz-ag.ch\/wp-content\/uploads\/2018\/03\/12_Veloabstellpl\u00e4tze.jpg 1600w\" sizes=\"auto, (max-width: 300px) 100vw, 300px\" \/><\/a><figcaption id=\"caption-attachment-1412\" class=\"wp-caption-text\">Places de stationnement pour v\u00e9los<span style=\"display: inline !important; float: none; background-color: transparent; color: #333333; cursor: text; font-family: Georgia,'Times New Roman','Bitstream Charter',Times,serif; font-size: 16px; font-style: normal; font-variant: normal; font-weight: 400; letter-spacing: normal; orphans: 2; text-align: left; text-decoration: none; text-indent: 0px; text-transform: none; -webkit-text-stroke-width: 0px; white-space: normal; word-spacing: 0px;\">&nbsp;2<\/span><\/figcaption><\/figure>\n<figure id=\"attachment_1411\" aria-describedby=\"caption-attachment-1411\" style=\"width: 300px\" class=\"wp-caption alignnone\"><a href=\"https:\/\/rusterholz-ag.ch\/wp-content\/uploads\/2018\/03\/11_Kompostierplatz-2.jpg\" rel=\"lightbox[18]\"><img loading=\"lazy\" decoding=\"async\" width=\"300\" height=\"225\" class=\"wp-image-1411 size-medium\" alt=\"Compost 1\" src=\"https:\/\/rusterholz-ag.ch\/wp-content\/uploads\/2018\/03\/11_Kompostierplatz-2-300x225.jpg\" srcset=\"https:\/\/rusterholz-ag.ch\/wp-content\/uploads\/2018\/03\/11_Kompostierplatz-2-300x225.jpg 300w, https:\/\/rusterholz-ag.ch\/wp-content\/uploads\/2018\/03\/11_Kompostierplatz-2-768x576.jpg 768w, https:\/\/rusterholz-ag.ch\/wp-content\/uploads\/2018\/03\/11_Kompostierplatz-2-800x600.jpg 800w, https:\/\/rusterholz-ag.ch\/wp-content\/uploads\/2018\/03\/11_Kompostierplatz-2.jpg 1600w\" sizes=\"auto, (max-width: 300px) 100vw, 300px\" \/><\/a><figcaption id=\"caption-attachment-1411\" class=\"wp-caption-text\">Station de compostage <span style=\"display: inline !important; float: none; background-color: transparent; color: #333333; cursor: text; font-family: Georgia,'Times New Roman','Bitstream Charter',Times,serif; font-size: 16px; font-style: normal; font-variant: normal; font-weight: 400; letter-spacing: normal; orphans: 2; text-align: left; text-decoration: none; text-indent: 0px; text-transform: none; -webkit-text-stroke-width: 0px; white-space: normal; word-spacing: 0px;\">1<\/span><\/figcaption><\/figure>\n<figure id=\"attachment_1410\" aria-describedby=\"caption-attachment-1410\" style=\"width: 300px\" class=\"wp-caption alignnone\"><a href=\"https:\/\/rusterholz-ag.ch\/wp-content\/uploads\/2018\/03\/10_Kompostierplatz-1.jpg\" rel=\"lightbox[18]\"><img loading=\"lazy\" decoding=\"async\" width=\"300\" height=\"225\" class=\"wp-image-1410 size-medium\" alt=\"Compost 2 \" src=\"https:\/\/rusterholz-ag.ch\/wp-content\/uploads\/2018\/03\/10_Kompostierplatz-1-300x225.jpg\" srcset=\"https:\/\/rusterholz-ag.ch\/wp-content\/uploads\/2018\/03\/10_Kompostierplatz-1-300x225.jpg 300w, https:\/\/rusterholz-ag.ch\/wp-content\/uploads\/2018\/03\/10_Kompostierplatz-1-768x576.jpg 768w, https:\/\/rusterholz-ag.ch\/wp-content\/uploads\/2018\/03\/10_Kompostierplatz-1-800x600.jpg 800w, https:\/\/rusterholz-ag.ch\/wp-content\/uploads\/2018\/03\/10_Kompostierplatz-1.jpg 1600w\" sizes=\"auto, (max-width: 300px) 100vw, 300px\" \/><\/a><figcaption id=\"caption-attachment-1410\" class=\"wp-caption-text\">Station de compostage <span style=\"display: inline !important; float: none; background-color: transparent; color: #333333; cursor: text; font-family: Georgia,'Times New Roman','Bitstream Charter',Times,serif; font-size: 16px; font-style: normal; font-variant: normal; font-weight: 400; letter-spacing: normal; orphans: 2; text-align: left; text-decoration: none; text-indent: 0px; text-transform: none; -webkit-text-stroke-width: 0px; white-space: normal; word-spacing: 0px;\">2<\/span><\/figcaption><\/figure>\n<figure id=\"attachment_1409\" aria-describedby=\"caption-attachment-1409\" style=\"width: 300px\" class=\"wp-caption alignnone\"><a href=\"https:\/\/rusterholz-ag.ch\/wp-content\/uploads\/2018\/03\/9_Trampolin.jpg\" rel=\"lightbox[18]\"><img loading=\"lazy\" decoding=\"async\" width=\"300\" height=\"225\" class=\"wp-image-1409 size-medium\" alt=\"Le trampoline\" src=\"https:\/\/rusterholz-ag.ch\/wp-content\/uploads\/2018\/03\/9_Trampolin-300x225.jpg\" srcset=\"https:\/\/rusterholz-ag.ch\/wp-content\/uploads\/2018\/03\/9_Trampolin-300x225.jpg 300w, https:\/\/rusterholz-ag.ch\/wp-content\/uploads\/2018\/03\/9_Trampolin-768x576.jpg 768w, https:\/\/rusterholz-ag.ch\/wp-content\/uploads\/2018\/03\/9_Trampolin-800x600.jpg 800w, https:\/\/rusterholz-ag.ch\/wp-content\/uploads\/2018\/03\/9_Trampolin.jpg 1600w\" sizes=\"auto, (max-width: 300px) 100vw, 300px\" \/><\/a><figcaption id=\"caption-attachment-1409\" class=\"wp-caption-text\">Le trampoline<\/figcaption><\/figure>\n<figure id=\"attachment_1402\" aria-describedby=\"caption-attachment-1402\" style=\"width: 300px\" class=\"wp-caption alignnone\"><a href=\"https:\/\/rusterholz-ag.ch\/wp-content\/uploads\/2018\/03\/2_Mittagessen.jpg\" rel=\"lightbox[18]\"><img loading=\"lazy\" decoding=\"async\" width=\"300\" height=\"225\" class=\"wp-image-1402 size-medium\" alt=\"D\u00e9jeuner au jour ouvrable du lotissement\" src=\"https:\/\/rusterholz-ag.ch\/wp-content\/uploads\/2018\/03\/2_Mittagessen-300x225.jpg\" srcset=\"https:\/\/rusterholz-ag.ch\/wp-content\/uploads\/2018\/03\/2_Mittagessen-300x225.jpg 300w, https:\/\/rusterholz-ag.ch\/wp-content\/uploads\/2018\/03\/2_Mittagessen-768x576.jpg 768w, https:\/\/rusterholz-ag.ch\/wp-content\/uploads\/2018\/03\/2_Mittagessen-800x600.jpg 800w, https:\/\/rusterholz-ag.ch\/wp-content\/uploads\/2018\/03\/2_Mittagessen.jpg 1600w\" sizes=\"auto, (max-width: 300px) 100vw, 300px\" \/><\/a><figcaption id=\"caption-attachment-1402\" class=\"wp-caption-text\">D\u00e9jeuner au jour ouvrable du lotissement<\/figcaption><\/figure>\n<figure id=\"attachment_1403\" aria-describedby=\"caption-attachment-1403\" style=\"width: 300px\" class=\"wp-caption alignnone\"><a href=\"https:\/\/rusterholz-ag.ch\/wp-content\/uploads\/2018\/03\/3_Grillplatz.jpg\" rel=\"lightbox[18]\"><img loading=\"lazy\" decoding=\"async\" width=\"300\" height=\"225\" class=\"wp-image-1403 size-medium\" alt=\"Barbecue\" src=\"https:\/\/rusterholz-ag.ch\/wp-content\/uploads\/2018\/03\/3_Grillplatz-300x225.jpg\" srcset=\"https:\/\/rusterholz-ag.ch\/wp-content\/uploads\/2018\/03\/3_Grillplatz-300x225.jpg 300w, https:\/\/rusterholz-ag.ch\/wp-content\/uploads\/2018\/03\/3_Grillplatz-768x576.jpg 768w, https:\/\/rusterholz-ag.ch\/wp-content\/uploads\/2018\/03\/3_Grillplatz-800x600.jpg 800w, https:\/\/rusterholz-ag.ch\/wp-content\/uploads\/2018\/03\/3_Grillplatz.jpg 1600w\" sizes=\"auto, (max-width: 300px) 100vw, 300px\" \/><\/a><figcaption id=\"caption-attachment-1403\" class=\"wp-caption-text\">Barbecue<\/figcaption><\/figure>\n<figure id=\"attachment_1404\" aria-describedby=\"caption-attachment-1404\" style=\"width: 300px\" class=\"wp-caption alignnone\"><a href=\"https:\/\/rusterholz-ag.ch\/wp-content\/uploads\/2018\/03\/4_fr\u00fch-\u00fcbt-sich.jpg\" rel=\"lightbox[18]\"><img loading=\"lazy\" decoding=\"async\" width=\"300\" height=\"225\" class=\"wp-image-1404 size-medium\" alt=\"Early practice..\" src=\"https:\/\/rusterholz-ag.ch\/wp-content\/uploads\/2018\/03\/4_fr\u00fch-\u00fcbt-sich-300x225.jpg\" srcset=\"https:\/\/rusterholz-ag.ch\/wp-content\/uploads\/2018\/03\/4_fr\u00fch-\u00fcbt-sich-300x225.jpg 300w, https:\/\/rusterholz-ag.ch\/wp-content\/uploads\/2018\/03\/4_fr\u00fch-\u00fcbt-sich-768x576.jpg 768w, https:\/\/rusterholz-ag.ch\/wp-content\/uploads\/2018\/03\/4_fr\u00fch-\u00fcbt-sich-800x600.jpg 800w, https:\/\/rusterholz-ag.ch\/wp-content\/uploads\/2018\/03\/4_fr\u00fch-\u00fcbt-sich.jpg 1600w\" sizes=\"auto, (max-width: 300px) 100vw, 300px\" \/><\/a><figcaption id=\"caption-attachment-1404\" class=\"wp-caption-text\">Les premi\u00e8res pratiques&#8230;..<\/figcaption><\/figure>\n<figure id=\"attachment_1405\" aria-describedby=\"caption-attachment-1405\" style=\"width: 300px\" class=\"wp-caption alignnone\"><a href=\"https:\/\/rusterholz-ag.ch\/wp-content\/uploads\/2018\/03\/5_grosse-Spielwiese.jpg\" rel=\"lightbox[18]\"><img loading=\"lazy\" decoding=\"async\" width=\"300\" height=\"225\" class=\"wp-image-1405 size-medium\" alt=\"Big Playground\" src=\"https:\/\/rusterholz-ag.ch\/wp-content\/uploads\/2018\/03\/5_grosse-Spielwiese-300x225.jpg\" srcset=\"https:\/\/rusterholz-ag.ch\/wp-content\/uploads\/2018\/03\/5_grosse-Spielwiese-300x225.jpg 300w, https:\/\/rusterholz-ag.ch\/wp-content\/uploads\/2018\/03\/5_grosse-Spielwiese-768x576.jpg 768w, https:\/\/rusterholz-ag.ch\/wp-content\/uploads\/2018\/03\/5_grosse-Spielwiese-800x600.jpg 800w, https:\/\/rusterholz-ag.ch\/wp-content\/uploads\/2018\/03\/5_grosse-Spielwiese.jpg 1600w\" sizes=\"auto, (max-width: 300px) 100vw, 300px\" \/><\/a><figcaption id=\"caption-attachment-1405\" class=\"wp-caption-text\"><span style=\"font-size: medium;\">Grand terrain de jeu<\/span><\/figcaption><\/figure>\n<figure id=\"attachment_1406\" aria-describedby=\"caption-attachment-1406\" style=\"width: 300px\" class=\"wp-caption alignnone\"><a href=\"https:\/\/rusterholz-ag.ch\/wp-content\/uploads\/2018\/03\/6_Spielplatz-Hof.jpg\" rel=\"lightbox[18]\"><img loading=\"lazy\" decoding=\"async\" width=\"300\" height=\"225\" class=\"wp-image-1406 size-medium\" alt=\"Playground in couryard\" src=\"https:\/\/rusterholz-ag.ch\/wp-content\/uploads\/2018\/03\/6_Spielplatz-Hof-300x225.jpg\" srcset=\"https:\/\/rusterholz-ag.ch\/wp-content\/uploads\/2018\/03\/6_Spielplatz-Hof-300x225.jpg 300w, https:\/\/rusterholz-ag.ch\/wp-content\/uploads\/2018\/03\/6_Spielplatz-Hof-768x576.jpg 768w, https:\/\/rusterholz-ag.ch\/wp-content\/uploads\/2018\/03\/6_Spielplatz-Hof-800x600.jpg 800w, https:\/\/rusterholz-ag.ch\/wp-content\/uploads\/2018\/03\/6_Spielplatz-Hof.jpg 1600w\" sizes=\"auto, (max-width: 300px) 100vw, 300px\" \/><\/a><figcaption id=\"caption-attachment-1406\" class=\"wp-caption-text\"><span style=\"display: inline !important; float: none; background-color: transparent; color: #333333; cursor: text; font-family: Georgia,'Times New Roman','Bitstream Charter',Times,serif; font-size: 16px; font-style: normal; font-variant: normal; font-weight: 400; letter-spacing: normal; orphans: 2; text-align: left; text-decoration: none; text-indent: 0px; text-transform: none; -webkit-text-stroke-width: 0px; white-space: normal; word-spacing: 0px;\">Terrain de jeu dans la cour<\/span><\/figcaption><\/figure>\n<p>&nbsp;<\/p>\n","protected":false},"excerpt":{"rendered":"<p>La propri\u00e9t\u00e9 de Rusterholz AG se trouve entre Wildeggerstrasse et Sch\u00fcrz. Il a une superficie de 7&#8217;800 m2. Au total, 23 appartements de tailles diff\u00e9rentes ont \u00e9t\u00e9 construits dans sept b\u00e2timents diff\u00e9rents sur le site. Le b\u00e2timent le plus ancien a environ 180 ans, le plus jeune a \u00e9t\u00e9 achev\u00e9 en 2010 selon les normes [&hellip;]<\/p>\n","protected":false},"author":1,"featured_media":0,"parent":0,"menu_order":5,"comment_status":"closed","ping_status":"closed","template":"","meta":{"_monsterinsights_skip_tracking":false,"_monsterinsights_sitenote_active":false,"_monsterinsights_sitenote_note":"","_monsterinsights_sitenote_category":0,"ngg_post_thumbnail":0,"footnotes":""},"class_list":["post-18","page","type-page","status-publish","hentry"],"translation":{"provider":"WPGlobus","version":"3.0.2","language":"fr","enabled_languages":["de","en","fr"],"languages":{"de":{"title":true,"content":true,"excerpt":false},"en":{"title":true,"content":true,"excerpt":false},"fr":{"title":true,"content":true,"excerpt":false}}},"_links":{"self":[{"href":"https:\/\/rusterholz-ag.ch\/fr\/wp-json\/wp\/v2\/pages\/18","targetHints":{"allow":["GET"]}}],"collection":[{"href":"https:\/\/rusterholz-ag.ch\/fr\/wp-json\/wp\/v2\/pages"}],"about":[{"href":"https:\/\/rusterholz-ag.ch\/fr\/wp-json\/wp\/v2\/types\/page"}],"author":[{"embeddable":true,"href":"https:\/\/rusterholz-ag.ch\/fr\/wp-json\/wp\/v2\/users\/1"}],"replies":[{"embeddable":true,"href":"https:\/\/rusterholz-ag.ch\/fr\/wp-json\/wp\/v2\/comments?post=18"}],"version-history":[{"count":41,"href":"https:\/\/rusterholz-ag.ch\/fr\/wp-json\/wp\/v2\/pages\/18\/revisions"}],"predecessor-version":[{"id":1694,"href":"https:\/\/rusterholz-ag.ch\/fr\/wp-json\/wp\/v2\/pages\/18\/revisions\/1694"}],"wp:attachment":[{"href":"https:\/\/rusterholz-ag.ch\/fr\/wp-json\/wp\/v2\/media?parent=18"}],"curies":[{"name":"wp","href":"https:\/\/api.w.org\/{rel}","templated":true}]}}