{"id":172,"date":"2010-05-07T15:48:20","date_gmt":"2010-05-07T15:48:20","guid":{"rendered":"http:\/\/www.artosteiner.com\/rusterholz\/"},"modified":"2018-04-15T10:01:10","modified_gmt":"2018-04-15T10:01:10","slug":"neubau","status":"publish","type":"page","link":"https:\/\/rusterholz-ag.ch\/fr\/wohnungen\/neubau\/","title":{"rendered":"Sch\u00fcrz 11"},"content":{"rendered":"<h4>&nbsp;<\/h4>\n<figure id=\"attachment_1395\" aria-describedby=\"caption-attachment-1395\" style=\"width: 300px\" class=\"wp-caption alignnone\"><a href=\"https:\/\/rusterholz-ag.ch\/wp-content\/uploads\/2018\/03\/Vogelschau_Schuerz_11.jpg\" rel=\"lightbox[172]\"><img loading=\"lazy\" decoding=\"async\" width=\"300\" height=\"200\" class=\"size-medium wp-image-1395\" alt=\"Vogelschau Sch\u00fcrz 11\" src=\"https:\/\/rusterholz-ag.ch\/wp-content\/uploads\/2018\/03\/Vogelschau_Schuerz_11-300x200.jpg\" srcset=\"https:\/\/rusterholz-ag.ch\/wp-content\/uploads\/2018\/03\/Vogelschau_Schuerz_11-300x200.jpg 300w, https:\/\/rusterholz-ag.ch\/wp-content\/uploads\/2018\/03\/Vogelschau_Schuerz_11-768x512.jpg 768w, https:\/\/rusterholz-ag.ch\/wp-content\/uploads\/2018\/03\/Vogelschau_Schuerz_11-800x533.jpg 800w, https:\/\/rusterholz-ag.ch\/wp-content\/uploads\/2018\/03\/Vogelschau_Schuerz_11.jpg 1122w\" sizes=\"auto, (max-width: 300px) 100vw, 300px\" \/><\/a><figcaption id=\"caption-attachment-1395\" class=\"wp-caption-text\">Vue aerienne Sch\u00fcrz 11<\/figcaption><\/figure>\n<p>Le b\u00e2timent Sch\u00fcrz 11 a \u00e9t\u00e9 construit en 2010. Il comprend un total de six appartements et une buanderie commune avec deux salles de s\u00e9chage.<\/p>\n<p><strong>Offre :<\/strong><br \/>\nDeux appartements de 3 pi\u00e8ces<br \/>\nQuatre appartements de 4\u00bd pi\u00e8ces<br \/>\nOffre de stationnement : six places de stationnement ouvertes, trois places pour les visiteurs.<\/p>\n<p><strong>Concept \u00e9nerg\u00e9tique :<\/strong><br \/>\nLe concept \u00e9nerg\u00e9tique du b\u00e2timent r\u00e9pond aux exigences les plus \u00e9lev\u00e9es. Outre les \u00e9paisses couches d&#8217;isolation (toiture 25-35 cm, murs 25 cm, sol 18 cm), des fen\u00eatres \u00e0 triple vitrage ont \u00e9t\u00e9 install\u00e9es. Le point d&#8217;orgue de ce concept est la production de chaleur neutre en CO2 : la chaleur pour l&#8217;eau chaude et le chauffage est produite par 60 m\u00b2 de capteurs solaires et stock\u00e9e dans une chaudi\u00e8re d&#8217;une capacit\u00e9 de 36&#8217;000 lt. Cela signifie qu&#8217;environ 2\/3 des besoins annuels en \u00e9nergie sont couverts par l&#8217;\u00e9nergie solaire. La chaleur restante est g\u00e9n\u00e9r\u00e9e par un syst\u00e8me de chauffage \u00e0 pellets enti\u00e8rement automatique. Afin de consommer le moins d&#8217;\u00e9nergie de chauffage possible, les appartements sont \u00e9quip\u00e9s d&#8217;un syst\u00e8me de ventilation contr\u00f4l\u00e9e avec r\u00e9cup\u00e9ration de chaleur.<\/p>\n<p><strong>R\u00e9pondre de mani\u00e8re flexible aux demandes : salle de commutation<\/strong><br \/>\nLes plans des appartements sont con\u00e7us de telle sorte qu&#8217;un appartement peut \u00e9galement \u00eatre agrandi ult\u00e9rieurement par l&#8217;ajout d&#8217;une salle de commutation \u00e0 l&#8217;un ou l&#8217;autre appartement. Ainsi, un appartement de 4\u00bd pi\u00e8ces est transform\u00e9 en un appartement de 5\u00bd pi\u00e8ces &#8211; l&#8217;appartement voisin est transform\u00e9 d&#8217;un appartement de 3 pi\u00e8ces en appartement de 2 pi\u00e8ces.<\/p>\n<p>&nbsp;<\/p>\n<figure id=\"attachment_1397\" aria-describedby=\"caption-attachment-1397\" style=\"width: 300px\" class=\"wp-caption alignnone\"><a href=\"https:\/\/rusterholz-ag.ch\/wp-content\/uploads\/2018\/03\/4_Sitzpl\u00e4tze.jpg\" rel=\"lightbox[172]\"><img loading=\"lazy\" decoding=\"async\" width=\"300\" height=\"225\" class=\"size-medium wp-image-1397\" alt=\"Sitzpl\u00e4tze Sch\u00fcrz 11\" src=\"https:\/\/rusterholz-ag.ch\/wp-content\/uploads\/2018\/03\/4_Sitzpl\u00e4tze-300x225.jpg\" srcset=\"https:\/\/rusterholz-ag.ch\/wp-content\/uploads\/2018\/03\/4_Sitzpl\u00e4tze-300x225.jpg 300w, https:\/\/rusterholz-ag.ch\/wp-content\/uploads\/2018\/03\/4_Sitzpl\u00e4tze-768x576.jpg 768w, https:\/\/rusterholz-ag.ch\/wp-content\/uploads\/2018\/03\/4_Sitzpl\u00e4tze-800x600.jpg 800w, https:\/\/rusterholz-ag.ch\/wp-content\/uploads\/2018\/03\/4_Sitzpl\u00e4tze.jpg 1600w\" sizes=\"auto, (max-width: 300px) 100vw, 300px\" \/><\/a><figcaption id=\"caption-attachment-1397\" class=\"wp-caption-text\">Jardin Sch\u00fcrz 11<\/figcaption><\/figure>\n<figure id=\"attachment_1396\" aria-describedby=\"caption-attachment-1396\" style=\"width: 300px\" class=\"wp-caption alignnone\"><a href=\"https:\/\/rusterholz-ag.ch\/wp-content\/uploads\/2018\/03\/3_Balkone.jpg\" rel=\"lightbox[172]\"><img loading=\"lazy\" decoding=\"async\" width=\"300\" height=\"200\" class=\"wp-image-1396 size-medium\" alt=\"Balkone Sch\u00fcrz 11\" src=\"https:\/\/rusterholz-ag.ch\/wp-content\/uploads\/2018\/03\/3_Balkone-300x200.jpg\" srcset=\"https:\/\/rusterholz-ag.ch\/wp-content\/uploads\/2018\/03\/3_Balkone-300x200.jpg 300w, https:\/\/rusterholz-ag.ch\/wp-content\/uploads\/2018\/03\/3_Balkone-768x512.jpg 768w, https:\/\/rusterholz-ag.ch\/wp-content\/uploads\/2018\/03\/3_Balkone-800x534.jpg 800w, https:\/\/rusterholz-ag.ch\/wp-content\/uploads\/2018\/03\/3_Balkone.jpg 1600w\" sizes=\"auto, (max-width: 300px) 100vw, 300px\" \/><\/a><figcaption id=\"caption-attachment-1396\" class=\"wp-caption-text\">Balcon Sch\u00fcrz 11<\/figcaption><\/figure>\n<figure id=\"attachment_1394\" aria-describedby=\"caption-attachment-1394\" style=\"width: 300px\" class=\"wp-caption alignnone\"><a href=\"https:\/\/rusterholz-ag.ch\/wp-content\/uploads\/2018\/03\/2_Winterbild.jpg\" rel=\"lightbox[172]\"><img loading=\"lazy\" decoding=\"async\" width=\"300\" height=\"225\" class=\"wp-image-1394 size-medium\" alt=\"Winterbild Sch\u00fcrz 11\" src=\"https:\/\/rusterholz-ag.ch\/wp-content\/uploads\/2018\/03\/2_Winterbild-300x225.jpg\" srcset=\"https:\/\/rusterholz-ag.ch\/wp-content\/uploads\/2018\/03\/2_Winterbild-300x225.jpg 300w, https:\/\/rusterholz-ag.ch\/wp-content\/uploads\/2018\/03\/2_Winterbild-768x576.jpg 768w, https:\/\/rusterholz-ag.ch\/wp-content\/uploads\/2018\/03\/2_Winterbild-800x600.jpg 800w, https:\/\/rusterholz-ag.ch\/wp-content\/uploads\/2018\/03\/2_Winterbild.jpg 1600w\" sizes=\"auto, (max-width: 300px) 100vw, 300px\" \/><\/a><figcaption id=\"caption-attachment-1394\" class=\"wp-caption-text\">Vue en hivers Sch\u00fcrz 11<\/figcaption><\/figure>\n<figure id=\"attachment_401\" aria-describedby=\"caption-attachment-401\" style=\"width: 216px\" class=\"wp-caption alignleft\"><a href=\"https:\/\/rusterholz-ag.ch\/wp-content\/uploads\/2010\/08\/dorfgeischt_juni10.pdf\"><img loading=\"lazy\" decoding=\"async\" width=\"216\" height=\"300\" title=\"Artikel im Dorfgeischt, Juni 2010, Format: PDF\" class=\"size-medium wp-image-401 \" alt=\"Erstes Mehrfamilienhaus im Minergie-P-Standard\" src=\"https:\/\/rusterholz-ag.ch\/wp-content\/uploads\/2010\/05\/Dorfgeischt-216x300.jpg\" srcset=\"https:\/\/rusterholz-ag.ch\/wp-content\/uploads\/2010\/05\/Dorfgeischt-216x300.jpg 216w, https:\/\/rusterholz-ag.ch\/wp-content\/uploads\/2010\/05\/Dorfgeischt.jpg 622w\" sizes=\"auto, (max-width: 216px) 100vw, 216px\" \/><\/a><figcaption id=\"caption-attachment-401\" class=\"wp-caption-text\"><span style=\"display: inline !important; float: none; background-color: transparent; color: #333333; cursor: text; font-family: Georgia,'Times New Roman','Bitstream Charter',Times,serif; font-size: 16px; font-style: normal; font-variant: normal; font-weight: 400; letter-spacing: normal; orphans: 2; text-align: left; text-decoration: none; text-indent: 0px; text-transform: none; -webkit-text-stroke-width: 0px; white-space: normal; word-spacing: 0px;\"> Article dans le &#8220;Dorfgeischt&#8221;, Juin 2010, Format PDF, Allemand<\/span><\/figcaption><\/figure>\n<p>&nbsp;<\/p>\n","protected":false},"excerpt":{"rendered":"<p>&nbsp; Le b\u00e2timent Sch\u00fcrz 11 a \u00e9t\u00e9 construit en 2010. Il comprend un total de six appartements et une buanderie commune avec deux salles de s\u00e9chage. Offre : Deux appartements de 3 pi\u00e8ces Quatre appartements de 4\u00bd pi\u00e8ces Offre de stationnement : six places de stationnement ouvertes, trois places pour les visiteurs. Concept \u00e9nerg\u00e9tique : [&hellip;]<\/p>\n","protected":false},"author":1,"featured_media":0,"parent":5,"menu_order":2,"comment_status":"closed","ping_status":"closed","template":"","meta":{"_monsterinsights_skip_tracking":false,"_monsterinsights_sitenote_active":false,"_monsterinsights_sitenote_note":"","_monsterinsights_sitenote_category":0,"ngg_post_thumbnail":0,"footnotes":""},"class_list":["post-172","page","type-page","status-publish","hentry"],"translation":{"provider":"WPGlobus","version":"3.0.2","language":"fr","enabled_languages":["de","en","fr"],"languages":{"de":{"title":true,"content":true,"excerpt":false},"en":{"title":true,"content":true,"excerpt":false},"fr":{"title":true,"content":true,"excerpt":false}}},"_links":{"self":[{"href":"https:\/\/rusterholz-ag.ch\/fr\/wp-json\/wp\/v2\/pages\/172","targetHints":{"allow":["GET"]}}],"collection":[{"href":"https:\/\/rusterholz-ag.ch\/fr\/wp-json\/wp\/v2\/pages"}],"about":[{"href":"https:\/\/rusterholz-ag.ch\/fr\/wp-json\/wp\/v2\/types\/page"}],"author":[{"embeddable":true,"href":"https:\/\/rusterholz-ag.ch\/fr\/wp-json\/wp\/v2\/users\/1"}],"replies":[{"embeddable":true,"href":"https:\/\/rusterholz-ag.ch\/fr\/wp-json\/wp\/v2\/comments?post=172"}],"version-history":[{"count":84,"href":"https:\/\/rusterholz-ag.ch\/fr\/wp-json\/wp\/v2\/pages\/172\/revisions"}],"predecessor-version":[{"id":1687,"href":"https:\/\/rusterholz-ag.ch\/fr\/wp-json\/wp\/v2\/pages\/172\/revisions\/1687"}],"up":[{"embeddable":true,"href":"https:\/\/rusterholz-ag.ch\/fr\/wp-json\/wp\/v2\/pages\/5"}],"wp:attachment":[{"href":"https:\/\/rusterholz-ag.ch\/fr\/wp-json\/wp\/v2\/media?parent=172"}],"curies":[{"name":"wp","href":"https:\/\/api.w.org\/{rel}","templated":true}]}}