{"id":134,"date":"2010-05-07T12:32:10","date_gmt":"2010-05-07T12:32:10","guid":{"rendered":"http:\/\/www.artosteiner.com\/rusterholz\/"},"modified":"2018-04-15T10:04:11","modified_gmt":"2018-04-15T10:04:11","slug":"gebaude-497","status":"publish","type":"page","link":"https:\/\/rusterholz-ag.ch\/fr\/wohnungen\/gebaude-497\/","title":{"rendered":"Wildeggerstrasse 6"},"content":{"rendered":"<figure id=\"attachment_1368\" aria-describedby=\"caption-attachment-1368\" style=\"width: 300px\" class=\"wp-caption alignnone\"><a href=\"https:\/\/rusterholz-ag.ch\/wp-content\/uploads\/2018\/03\/Vogelschau_Willdeggerstrasse_6.jpg\" rel=\"lightbox[134]\"><img loading=\"lazy\" decoding=\"async\" width=\"300\" height=\"200\" class=\"alignnone size-medium wp-image-1368\" alt=\"Vue \u00e0 vol d'oiseau\" src=\"https:\/\/rusterholz-ag.ch\/wp-content\/uploads\/2018\/03\/Vogelschau_Willdeggerstrasse_6-300x200.jpg\" srcset=\"https:\/\/rusterholz-ag.ch\/wp-content\/uploads\/2018\/03\/Vogelschau_Willdeggerstrasse_6-300x200.jpg 300w, https:\/\/rusterholz-ag.ch\/wp-content\/uploads\/2018\/03\/Vogelschau_Willdeggerstrasse_6-768x512.jpg 768w, https:\/\/rusterholz-ag.ch\/wp-content\/uploads\/2018\/03\/Vogelschau_Willdeggerstrasse_6-800x533.jpg 800w, https:\/\/rusterholz-ag.ch\/wp-content\/uploads\/2018\/03\/Vogelschau_Willdeggerstrasse_6.jpg 1122w\" sizes=\"auto, (max-width: 300px) 100vw, 300px\" \/><\/a><figcaption id=\"caption-attachment-1368\" class=\"wp-caption-text\">Vue \u00e0 vol d&#8217;oiseau<\/figcaption><\/figure>\n<p>Le b\u00e2timent Wildeggerstrasse 6 a \u00e9t\u00e9 construit en 1943 comme magasin de mat\u00e9riaux pour une petite entreprise de construction. A la fin des ann\u00e9es 1950, l&#8217;entreprise de construction a \u00e9t\u00e9 ferm\u00e9e. 4 appartements les plus simples ont \u00e9t\u00e9 construits en 1963 sous forme de maisons en terrasses, et en 1978, 2 maisons en terrasses plus grandes ont \u00e9t\u00e9 construites dans le garage attenant. L&#8217;immeuble comprend un total de 6 appartements et une buanderie commune avec 2 salles de s\u00e9chage. En raison de la disposition originale des b\u00e2timents, 2 appartements sont dispos\u00e9s au coin de la rue.<\/p>\n<p><strong>Offre:<\/strong><\/p>\n<p>A 3\u00bd-room apartment<br \/>\nDeux appartements de 4 pi\u00e8ces<br \/>\nDeux appartements de 5\u00bd pi\u00e8ces<br \/>\nA 6\u00bd Appartement chambre<br \/>\nStationnement : 8 places de stationnement ouvertes, 3 places pour les visiteurs.<\/p>\n<p><strong>Bas niveau de construction<\/strong><br \/>\nLes appartements de l&#8217;aile Est sont de bas niveau de construction&nbsp; (isolation acoustique, sanitaires, cuisines) et ne r\u00e9pondent pas aux normes en vigueur. Mais les appartements sont pleins d&#8217;ambiance. Ils n&#8217;ont pas de sous-sol ; chaque appartement a un compartiment de sous-sol dans le b\u00e2timent principal voisin et une salle d&#8217;entreposage ext\u00e9rieure non chauff\u00e9e.<\/p>\n<figure id=\"attachment_1369\" aria-describedby=\"caption-attachment-1369\" style=\"width: 300px\" class=\"wp-caption alignnone\"><a href=\"https:\/\/rusterholz-ag.ch\/wp-content\/uploads\/2018\/03\/2_winkelf\u00f6rmig.jpg\" rel=\"lightbox[134]\"><img width=\"300\" height=\"225\" class=\"size-medium wp-image-1369\" alt=\"6 Wohnungen, winkelf\u00f6rmig gegen den Hof angeordnet\"><\/a><figcaption id=\"caption-attachment-1369\" class=\"wp-caption-text\"><span style=\"display: inline !important; float: none; background-color: transparent; color: #333333; cursor: text; font-family: Georgia,'Times New Roman','Bitstream Charter',Times,serif; font-size: 16px; font-style: normal; font-variant: normal; font-weight: 400; letter-spacing: normal; orphans: 2; text-align: left; text-decoration: none; text-indent: 0px; text-transform: none; -webkit-text-stroke-width: 0px; white-space: normal; word-spacing: 0px;\">6 appartements, dispos\u00e9s en angle par rapport \u00e0 la cour<\/span><\/figcaption><\/figure>\n<figure id=\"attachment_1370\" aria-describedby=\"caption-attachment-1370\" style=\"width: 300px\" class=\"wp-caption alignnone\"><a href=\"https:\/\/rusterholz-ag.ch\/wp-content\/uploads\/2018\/03\/3_S\u00fcdfassade.jpg\" rel=\"lightbox[134]\"><img width=\"300\" height=\"225\" class=\"size-medium wp-image-1370\" alt=\"S\u00fcdfassade des Westfl\u00fcgels\"><\/a><figcaption id=\"caption-attachment-1370\" class=\"wp-caption-text\"><span style=\"display: inline !important; float: none; background-color: transparent; color: #333333; cursor: text; font-family: Georgia,'Times New Roman','Bitstream Charter',Times,serif; font-size: 16px; font-style: normal; font-variant: normal; font-weight: 400; letter-spacing: normal; orphans: 2; text-align: left; text-decoration: none; text-indent: 0px; text-transform: none; -webkit-text-stroke-width: 0px; white-space: normal; word-spacing: 0px;\">Fa\u00e7ade sud de l&#8217;aile ouest<\/span><\/figcaption><\/figure>\n<figure id=\"attachment_1365\" aria-describedby=\"caption-attachment-1365\" style=\"width: 300px\" class=\"wp-caption alignnone\"><a href=\"https:\/\/rusterholz-ag.ch\/wp-content\/uploads\/2018\/03\/4_Westfassade.jpg\" rel=\"lightbox[134]\"><img loading=\"lazy\" decoding=\"async\" width=\"300\" height=\"225\" class=\"size-medium wp-image-1365\" alt=\"Westfassade des Ostfl\u00fcgels\" src=\"https:\/\/rusterholz-ag.ch\/wp-content\/uploads\/2018\/03\/4_Westfassade-300x225.jpg\" srcset=\"https:\/\/rusterholz-ag.ch\/wp-content\/uploads\/2018\/03\/4_Westfassade-300x225.jpg 300w, https:\/\/rusterholz-ag.ch\/wp-content\/uploads\/2018\/03\/4_Westfassade-768x576.jpg 768w, https:\/\/rusterholz-ag.ch\/wp-content\/uploads\/2018\/03\/4_Westfassade-800x600.jpg 800w, https:\/\/rusterholz-ag.ch\/wp-content\/uploads\/2018\/03\/4_Westfassade.jpg 1600w\" sizes=\"auto, (max-width: 300px) 100vw, 300px\" \/><\/a><figcaption id=\"caption-attachment-1365\" class=\"wp-caption-text\"><span style=\"display: inline !important; float: none; background-color: transparent; color: #333333; cursor: text; font-family: Georgia,'Times New Roman','Bitstream Charter',Times,serif; font-size: 16px; font-style: normal; font-variant: normal; font-weight: 400; letter-spacing: normal; orphans: 2; text-align: left; text-decoration: none; text-indent: 0px; text-transform: none; -webkit-text-stroke-width: 0px; white-space: normal; word-spacing: 0px;\">Fa\u00e7ade ouest de l&#8217;aile est<\/span><\/figcaption><\/figure>\n<figure id=\"attachment_1367\" aria-describedby=\"caption-attachment-1367\" style=\"width: 300px\" class=\"wp-caption alignnone\"><a href=\"https:\/\/rusterholz-ag.ch\/wp-content\/uploads\/2018\/03\/6_Ostfassade.jpg\" rel=\"lightbox[134]\"><img loading=\"lazy\" decoding=\"async\" width=\"300\" height=\"225\" class=\"size-medium wp-image-1367\" alt=\"Ostfassade\" src=\"https:\/\/rusterholz-ag.ch\/wp-content\/uploads\/2018\/03\/6_Ostfassade-300x225.jpg\" srcset=\"https:\/\/rusterholz-ag.ch\/wp-content\/uploads\/2018\/03\/6_Ostfassade-300x225.jpg 300w, https:\/\/rusterholz-ag.ch\/wp-content\/uploads\/2018\/03\/6_Ostfassade-768x576.jpg 768w, https:\/\/rusterholz-ag.ch\/wp-content\/uploads\/2018\/03\/6_Ostfassade-800x600.jpg 800w, https:\/\/rusterholz-ag.ch\/wp-content\/uploads\/2018\/03\/6_Ostfassade.jpg 1600w\" sizes=\"auto, (max-width: 300px) 100vw, 300px\" \/><\/a><figcaption id=\"caption-attachment-1367\" class=\"wp-caption-text\"><span style=\"display: inline !important; float: none; background-color: transparent; color: #333333; cursor: text; font-family: Georgia,'Times New Roman','Bitstream Charter',Times,serif; font-size: 16px; font-style: normal; font-variant: normal; font-weight: 400; letter-spacing: normal; orphans: 2; text-align: left; text-decoration: none; text-indent: 0px; text-transform: none; -webkit-text-stroke-width: 0px; white-space: normal; word-spacing: 0px;\">Fa\u00e7ade est<\/span><\/figcaption><\/figure>\n<figure id=\"attachment_1366\" aria-describedby=\"caption-attachment-1366\" style=\"width: 300px\" class=\"wp-caption alignnone\"><a href=\"https:\/\/rusterholz-ag.ch\/wp-content\/uploads\/2018\/03\/5_Durchgang.jpg\" rel=\"lightbox[134]\"><img loading=\"lazy\" decoding=\"async\" width=\"300\" height=\"225\" class=\"size-medium wp-image-1366\" alt=\"Durchgang\" src=\"https:\/\/rusterholz-ag.ch\/wp-content\/uploads\/2018\/03\/5_Durchgang-300x225.jpg\" srcset=\"https:\/\/rusterholz-ag.ch\/wp-content\/uploads\/2018\/03\/5_Durchgang-300x225.jpg 300w, https:\/\/rusterholz-ag.ch\/wp-content\/uploads\/2018\/03\/5_Durchgang-768x576.jpg 768w, https:\/\/rusterholz-ag.ch\/wp-content\/uploads\/2018\/03\/5_Durchgang-800x600.jpg 800w, https:\/\/rusterholz-ag.ch\/wp-content\/uploads\/2018\/03\/5_Durchgang.jpg 1600w\" sizes=\"auto, (max-width: 300px) 100vw, 300px\" \/><\/a><figcaption id=\"caption-attachment-1366\" class=\"wp-caption-text\">Passage<\/figcaption><\/figure>\n","protected":false},"excerpt":{"rendered":"<p>Le b\u00e2timent Wildeggerstrasse 6 a \u00e9t\u00e9 construit en 1943 comme magasin de mat\u00e9riaux pour une petite entreprise de construction. A la fin des ann\u00e9es 1950, l&#8217;entreprise de construction a \u00e9t\u00e9 ferm\u00e9e. 4 appartements les plus simples ont \u00e9t\u00e9 construits en 1963 sous forme de maisons en terrasses, et en 1978, 2 maisons en terrasses plus [&hellip;]<\/p>\n","protected":false},"author":1,"featured_media":0,"parent":5,"menu_order":5,"comment_status":"closed","ping_status":"closed","template":"","meta":{"_monsterinsights_skip_tracking":false,"_monsterinsights_sitenote_active":false,"_monsterinsights_sitenote_note":"","_monsterinsights_sitenote_category":0,"ngg_post_thumbnail":0,"footnotes":""},"class_list":["post-134","page","type-page","status-publish","hentry"],"translation":{"provider":"WPGlobus","version":"3.0.2","language":"fr","enabled_languages":["de","en","fr"],"languages":{"de":{"title":true,"content":true,"excerpt":false},"en":{"title":true,"content":true,"excerpt":false},"fr":{"title":true,"content":true,"excerpt":false}}},"_links":{"self":[{"href":"https:\/\/rusterholz-ag.ch\/fr\/wp-json\/wp\/v2\/pages\/134","targetHints":{"allow":["GET"]}}],"collection":[{"href":"https:\/\/rusterholz-ag.ch\/fr\/wp-json\/wp\/v2\/pages"}],"about":[{"href":"https:\/\/rusterholz-ag.ch\/fr\/wp-json\/wp\/v2\/types\/page"}],"author":[{"embeddable":true,"href":"https:\/\/rusterholz-ag.ch\/fr\/wp-json\/wp\/v2\/users\/1"}],"replies":[{"embeddable":true,"href":"https:\/\/rusterholz-ag.ch\/fr\/wp-json\/wp\/v2\/comments?post=134"}],"version-history":[{"count":46,"href":"https:\/\/rusterholz-ag.ch\/fr\/wp-json\/wp\/v2\/pages\/134\/revisions"}],"predecessor-version":[{"id":1691,"href":"https:\/\/rusterholz-ag.ch\/fr\/wp-json\/wp\/v2\/pages\/134\/revisions\/1691"}],"up":[{"embeddable":true,"href":"https:\/\/rusterholz-ag.ch\/fr\/wp-json\/wp\/v2\/pages\/5"}],"wp:attachment":[{"href":"https:\/\/rusterholz-ag.ch\/fr\/wp-json\/wp\/v2\/media?parent=134"}],"curies":[{"name":"wp","href":"https:\/\/api.w.org\/{rel}","templated":true}]}}