{"id":132,"date":"2010-05-07T12:30:29","date_gmt":"2010-05-07T12:30:29","guid":{"rendered":"http:\/\/www.artosteiner.com\/rusterholz\/"},"modified":"2018-04-15T09:51:10","modified_gmt":"2018-04-15T09:51:10","slug":"gebaude-143","status":"publish","type":"page","link":"https:\/\/rusterholz-ag.ch\/fr\/wohnungen\/gebaude-143\/","title":{"rendered":"Wildeggerstrasse 4"},"content":{"rendered":"<figure id=\"attachment_1361\" aria-describedby=\"caption-attachment-1361\" style=\"width: 300px\" class=\"wp-caption alignnone\"><a href=\"https:\/\/rusterholz-ag.ch\/wp-content\/uploads\/2018\/03\/Vogelschau_Wildeggerstrasse_4.jpg\" rel=\"lightbox[132]\"><img loading=\"lazy\" decoding=\"async\" width=\"300\" height=\"200\" class=\"alignnone size-medium wp-image-1361\" alt=\"Vogelschau Wildeggerstrasse 4\" src=\"https:\/\/rusterholz-ag.ch\/wp-content\/uploads\/2018\/03\/Vogelschau_Wildeggerstrasse_4-300x200.jpg\" srcset=\"https:\/\/rusterholz-ag.ch\/wp-content\/uploads\/2018\/03\/Vogelschau_Wildeggerstrasse_4-300x200.jpg 300w, https:\/\/rusterholz-ag.ch\/wp-content\/uploads\/2018\/03\/Vogelschau_Wildeggerstrasse_4-768x512.jpg 768w, https:\/\/rusterholz-ag.ch\/wp-content\/uploads\/2018\/03\/Vogelschau_Wildeggerstrasse_4-800x533.jpg 800w, https:\/\/rusterholz-ag.ch\/wp-content\/uploads\/2018\/03\/Vogelschau_Wildeggerstrasse_4.jpg 1122w\" sizes=\"auto, (max-width: 300px) 100vw, 300px\" \/><\/a><figcaption id=\"caption-attachment-1361\" class=\"wp-caption-text\">Vue a\u00e9rienne de la Wildeggerstrasse 4<\/figcaption><\/figure>\n<p>Le b\u00e2timent Wildeggerstrasse 4 a \u00e9t\u00e9 construit vers 1840. Il contient trois appartements et dans l&#8217;annexe un appartement.<br \/>\nAu cours des 180 derni\u00e8res ann\u00e9es, le b\u00e2timent a fait l&#8217;objet de plusieurs r\u00e9novations et de quelques agrandissements. En 2014-2016, le b\u00e2timent a \u00e9t\u00e9 enti\u00e8rement r\u00e9nov\u00e9 pour la derni\u00e8re fois et un syst\u00e8me collecteur pour la production d&#8217;eau chaude a \u00e9t\u00e9 install\u00e9.<\/p>\n<p>Offre :<\/p>\n<p>Trois 3\u00bd-Chambre Appartements<br \/>\nUn appartement de 4\u00bd pi\u00e8ces<\/p>\n<figure id=\"attachment_1324\" aria-describedby=\"caption-attachment-1324\" style=\"width: 300px\" class=\"wp-caption alignnone\"><a href=\"https:\/\/rusterholz-ag.ch\/wp-content\/uploads\/2018\/03\/2_Westfassade.jpg\" rel=\"lightbox[132]\"><img loading=\"lazy\" decoding=\"async\" width=\"300\" height=\"225\" class=\"alignnone size-medium wp-image-1324\" src=\"https:\/\/rusterholz-ag.ch\/wp-content\/uploads\/2018\/03\/2_Westfassade-300x225.jpg\" srcset=\"https:\/\/rusterholz-ag.ch\/wp-content\/uploads\/2018\/03\/2_Westfassade-300x225.jpg 300w, https:\/\/rusterholz-ag.ch\/wp-content\/uploads\/2018\/03\/2_Westfassade-768x576.jpg 768w, https:\/\/rusterholz-ag.ch\/wp-content\/uploads\/2018\/03\/2_Westfassade-800x600.jpg 800w, https:\/\/rusterholz-ag.ch\/wp-content\/uploads\/2018\/03\/2_Westfassade.jpg 2048w\" sizes=\"auto, (max-width: 300px) 100vw, 300px\" \/><\/a><figcaption id=\"caption-attachment-1324\" class=\"wp-caption-text\">Fa\u00e7ade ouest Wildeggerstrasse 4[<\/figcaption><\/figure>\n<figure id=\"attachment_1322\" aria-describedby=\"caption-attachment-1322\" style=\"width: 300px\" class=\"wp-caption alignnone\"><a href=\"https:\/\/rusterholz-ag.ch\/wp-content\/uploads\/2018\/03\/4_Hof-1.jpg\" rel=\"lightbox[132]\"><img loading=\"lazy\" decoding=\"async\" width=\"300\" height=\"225\" class=\"alignnone size-medium wp-image-1322\" src=\"https:\/\/rusterholz-ag.ch\/wp-content\/uploads\/2018\/03\/4_Hof-1-300x225.jpg\" srcset=\"https:\/\/rusterholz-ag.ch\/wp-content\/uploads\/2018\/03\/4_Hof-1-300x225.jpg 300w, https:\/\/rusterholz-ag.ch\/wp-content\/uploads\/2018\/03\/4_Hof-1-768x576.jpg 768w, https:\/\/rusterholz-ag.ch\/wp-content\/uploads\/2018\/03\/4_Hof-1-800x600.jpg 800w, https:\/\/rusterholz-ag.ch\/wp-content\/uploads\/2018\/03\/4_Hof-1.jpg 2048w\" sizes=\"auto, (max-width: 300px) 100vw, 300px\" \/><\/a><figcaption id=\"caption-attachment-1322\" class=\"wp-caption-text\">Annexe \u00e0 la Wildeggerstrasse 4<\/figcaption><\/figure>\n<figure id=\"attachment_1319\" aria-describedby=\"caption-attachment-1319\" style=\"width: 300px\" class=\"wp-caption alignnone\"><a href=\"https:\/\/rusterholz-ag.ch\/wp-content\/uploads\/2018\/03\/3_S\u00fcd_Ost.jpg\" rel=\"lightbox[132]\"><img width=\"300\" height=\"225\" class=\"size-medium wp-image-1319\" alt=\"South fa\u00e7ade Wildeggerstrasse 4\"><\/a><figcaption id=\"caption-attachment-1319\" class=\"wp-caption-text\">Fa\u00e7ade sud Wildeggerstrasse 4[<\/figcaption><\/figure>\n","protected":false},"excerpt":{"rendered":"<p>Le b\u00e2timent Wildeggerstrasse 4 a \u00e9t\u00e9 construit vers 1840. Il contient trois appartements et dans l&#8217;annexe un appartement. Au cours des 180 derni\u00e8res ann\u00e9es, le b\u00e2timent a fait l&#8217;objet de plusieurs r\u00e9novations et de quelques agrandissements. En 2014-2016, le b\u00e2timent a \u00e9t\u00e9 enti\u00e8rement r\u00e9nov\u00e9 pour la derni\u00e8re fois et un syst\u00e8me collecteur pour la production [&hellip;]<\/p>\n","protected":false},"author":1,"featured_media":0,"parent":5,"menu_order":3,"comment_status":"closed","ping_status":"closed","template":"","meta":{"_monsterinsights_skip_tracking":false,"_monsterinsights_sitenote_active":false,"_monsterinsights_sitenote_note":"","_monsterinsights_sitenote_category":0,"ngg_post_thumbnail":0,"footnotes":""},"class_list":["post-132","page","type-page","status-publish","hentry"],"translation":{"provider":"WPGlobus","version":"3.0.2","language":"fr","enabled_languages":["de","en","fr"],"languages":{"de":{"title":true,"content":true,"excerpt":false},"en":{"title":true,"content":true,"excerpt":false},"fr":{"title":true,"content":true,"excerpt":false}}},"_links":{"self":[{"href":"https:\/\/rusterholz-ag.ch\/fr\/wp-json\/wp\/v2\/pages\/132","targetHints":{"allow":["GET"]}}],"collection":[{"href":"https:\/\/rusterholz-ag.ch\/fr\/wp-json\/wp\/v2\/pages"}],"about":[{"href":"https:\/\/rusterholz-ag.ch\/fr\/wp-json\/wp\/v2\/types\/page"}],"author":[{"embeddable":true,"href":"https:\/\/rusterholz-ag.ch\/fr\/wp-json\/wp\/v2\/users\/1"}],"replies":[{"embeddable":true,"href":"https:\/\/rusterholz-ag.ch\/fr\/wp-json\/wp\/v2\/comments?post=132"}],"version-history":[{"count":60,"href":"https:\/\/rusterholz-ag.ch\/fr\/wp-json\/wp\/v2\/pages\/132\/revisions"}],"predecessor-version":[{"id":1682,"href":"https:\/\/rusterholz-ag.ch\/fr\/wp-json\/wp\/v2\/pages\/132\/revisions\/1682"}],"up":[{"embeddable":true,"href":"https:\/\/rusterholz-ag.ch\/fr\/wp-json\/wp\/v2\/pages\/5"}],"wp:attachment":[{"href":"https:\/\/rusterholz-ag.ch\/fr\/wp-json\/wp\/v2\/media?parent=132"}],"curies":[{"name":"wp","href":"https:\/\/api.w.org\/{rel}","templated":true}]}}