{"id":120,"date":"2010-05-06T12:39:48","date_gmt":"2010-05-06T12:39:48","guid":{"rendered":"http:\/\/www.artosteiner.com\/rusterholz\/"},"modified":"2018-04-15T10:35:05","modified_gmt":"2018-04-15T10:35:05","slug":"geschichte","status":"publish","type":"page","link":"https:\/\/rusterholz-ag.ch\/fr\/rusterholz-ag\/geschichte\/","title":{"rendered":"Histoire"},"content":{"rendered":"<h4>De la villa du directeur au lotissement<br \/>\nUne \u00e9volution dans l&#8217;histoire de l&#8217;histoire du b\u00e2timent depuis plus de 170 ans<\/h4>\n<h4>1840<\/h4>\n<p>Johann Caspar Brunner (1813-1886), propri\u00e9taire d&#8217;une usine de tissage textile (photo du bas), construit une maison avec 2 appartements et une grange vers 1840 pr\u00e8s de son usine.<\/p>\n<p><a href=\"https:\/\/rusterholz-ag.ch\/wp-content\/uploads\/2010\/05\/1840_double.jpg\" rel=\"lightbox[120]\"><img loading=\"lazy\" decoding=\"async\" width=\"300\" height=\"108\" class=\"alignnone wp-image-883 size-medium\" alt=\"1840 Johann Caspar Brunner (1813-1886), propri\u00e9taire d'une usine de tissage textile (photo du bas), construit une maison avec 2 appartements et une grange vers 1840 pr\u00e8s de son usine.\" src=\"https:\/\/rusterholz-ag.ch\/wp-content\/uploads\/2010\/05\/1840_double-300x108.jpg\" srcset=\"https:\/\/rusterholz-ag.ch\/wp-content\/uploads\/2010\/05\/1840_double-300x108.jpg 300w, https:\/\/rusterholz-ag.ch\/wp-content\/uploads\/2010\/05\/1840_double-800x289.jpg 800w, https:\/\/rusterholz-ag.ch\/wp-content\/uploads\/2010\/05\/1840_double.jpg 1002w\" sizes=\"auto, (max-width: 300px) 100vw, 300px\" \/><\/a><\/p>\n<p>Brunner \u00e9tait un contemporain progressiste. Gr\u00e2ce \u00e0 son influence, la loi de 1862 sur la police des usines d&#8217;Argovie interdit le travail des enfants de moins de 13 ans et limite \u00e0 12 heures par jour le temps de travail des jeunes. Brunner lui-m\u00eame n&#8217;employait pas d&#8217;enfants ou de jeunes.<\/p>\n<h4>1900<\/h4>\n<p>Le directeur Brunner est un amoureux des plantes. Il cultive une grande serre \u00e0 l&#8217;est. Il mourut en 1886, ses h\u00e9ritiers vendirent la maison au jeune greffier local F. W. au d\u00e9but du XXe si\u00e8cle. Kull. Il agrandit les granges dans les ann\u00e9es 1920. Les appartements disposeront chacun de 2 chambres suppl\u00e9mentaires, qui deviendront par la suite 1 salle de bain.<\/p>\n<p>&nbsp;<\/p>\n<p><a href=\"https:\/\/rusterholz-ag.ch\/wp-content\/uploads\/2010\/05\/1900_double.jpg\" rel=\"lightbox[120]\"><img loading=\"lazy\" decoding=\"async\" width=\"300\" height=\"108\" class=\"alignnone wp-image-884 size-medium\" alt=\"1900 Le directeur Brunner est un amoureux des plantes. Il cultive une grande serre \u00e0 l'est. Il mourut en 1886, ses h\u00e9ritiers vendirent la maison au jeune greffier local F. W. au d\u00e9but du XXe si\u00e8cle. Kull. Il agrandit les granges dans les ann\u00e9es 1920. Les appartements disposeront chacun de 2 chambres suppl\u00e9mentaires, qui deviendront par la suite 1 salle de bain.\" src=\"https:\/\/rusterholz-ag.ch\/wp-content\/uploads\/2010\/05\/1900_double-300x108.jpg\" srcset=\"https:\/\/rusterholz-ag.ch\/wp-content\/uploads\/2010\/05\/1900_double-300x108.jpg 300w, https:\/\/rusterholz-ag.ch\/wp-content\/uploads\/2010\/05\/1900_double-800x289.jpg 800w, https:\/\/rusterholz-ag.ch\/wp-content\/uploads\/2010\/05\/1900_double.jpg 1002w\" sizes=\"auto, (max-width: 300px) 100vw, 300px\" \/><\/a><\/p>\n<h4>1948<\/h4>\n<p>En 1929, Gertrud (&#8220;Trudi&#8221;), fille du scribe communal Kull, \u00e9pouse l&#8217;architecte Arnold (&#8220;Noldi&#8221;) Rusterholz, originaire de la r\u00e9gion du lac de Zurich. En 1943, apr\u00e8s la grande crise et au milieu de la guerre, il n&#8217; y a plus de carburant pour les voitures et les camions, ils doivent d\u00e9m\u00e9nager leur entreprise de construction et la famille des six personnes du lac de Zurich \u00e0 Niederlenz pour des raisons \u00e9conomiques.<\/p>\n<p>Par \u00e9tapes, des magasins sont en cours de construction pour l&#8217;exploitation, surtout en hiver, quand il y a peu de commandes. De nombreux mat\u00e9riaux de construction sont encore longtemps rest\u00e9s sans protection sur la prairie.<\/p>\n<p><a href=\"https:\/\/rusterholz-ag.ch\/wp-content\/uploads\/2010\/05\/1948_double.jpg\" rel=\"lightbox[120]\"><img loading=\"lazy\" decoding=\"async\" width=\"300\" height=\"108\" class=\"alignnone wp-image-885 size-medium\" alt=\"1948 En 1929, Gertrud (Trudi), fille du scribe communal Kull, \u00e9pouse l'architecte Arnold (\" src=\"https:\/\/rusterholz-ag.ch\/wp-content\/uploads\/2010\/05\/1948_double-300x108.jpg\" srcset=\"https:\/\/rusterholz-ag.ch\/wp-content\/uploads\/2010\/05\/1948_double-300x108.jpg 300w, https:\/\/rusterholz-ag.ch\/wp-content\/uploads\/2010\/05\/1948_double-800x289.jpg 800w, https:\/\/rusterholz-ag.ch\/wp-content\/uploads\/2010\/05\/1948_double.jpg 1002w\" sizes=\"auto, (max-width: 300px) 100vw, 300px\" \/><\/a><\/p>\n<h4>1950<\/h4>\n<p>La grande famille a besoin de plus d&#8217;espace. Le grenier est en cours d&#8217;agrandissement pour 7 enfants. L&#8217;entr\u00e9e est d\u00e9plac\u00e9e \u00e0 l&#8217;arri\u00e8re de la maison. C\u00f4t\u00e9 jardin, un porche de 30 cm de profondeur est am\u00e9nag\u00e9 pour accueillir le buffet. Deux b\u00e2timents en bois sont en construction, l&#8217;un pour le mat\u00e9riel d&#8217;\u00e9chafaudage et l&#8217;autre pour une centaine de poulets.<\/p>\n<p><a href=\"https:\/\/rusterholz-ag.ch\/wp-content\/uploads\/2010\/05\/1950_double.jpg\" rel=\"lightbox[120]\"><img loading=\"lazy\" decoding=\"async\" width=\"300\" height=\"108\" class=\"alignnone wp-image-886 size-medium\" alt=\"1950 La grande famille a besoin de plus d'espace. Le grenier est en cours d'agrandissement pour 7 enfants. L'entr\u00e9e est d\u00e9plac\u00e9e \u00e0 l'arri\u00e8re de la maison. C\u00f4t\u00e9 jardin, un porche de 30 cm de profondeur est am\u00e9nag\u00e9 pour accueillir le buffet. Deux b\u00e2timents en bois sont en construction, l'un pour le mat\u00e9riel d'\u00e9chafaudage et l'autre pour une centaine de poulets.\" src=\"https:\/\/rusterholz-ag.ch\/wp-content\/uploads\/2010\/05\/1950_double-300x108.jpg\" srcset=\"https:\/\/rusterholz-ag.ch\/wp-content\/uploads\/2010\/05\/1950_double-300x108.jpg 300w, https:\/\/rusterholz-ag.ch\/wp-content\/uploads\/2010\/05\/1950_double-800x289.jpg 800w, https:\/\/rusterholz-ag.ch\/wp-content\/uploads\/2010\/05\/1950_double.jpg 1002w\" sizes=\"auto, (max-width: 300px) 100vw, 300px\" \/><\/a><\/p>\n<h4>1951<\/h4>\n<p>La derni\u00e8re \u00e9tape sera un grand hall d&#8217;\u00e9chafaudage, accessible par camion, et un garage double. Pendant toute cette p\u00e9riode de construction, le jardin est aussi progressivement am\u00e9nag\u00e9 avec des murs de pierre de carri\u00e8re, des chemins de dalles et un &#8220;cottage&#8221; pour des soir\u00e9es chaudes. Mais la malchance entre. &#8220;Trudi&#8221; est gravement malade et meurt au d\u00e9but de 1952, le plus jeune a un peu plus de 5 ans.<\/p>\n<p><a href=\"https:\/\/rusterholz-ag.ch\/wp-content\/uploads\/2010\/05\/1951_double.jpg\" rel=\"lightbox[120]\"><img loading=\"lazy\" decoding=\"async\" width=\"300\" height=\"108\" class=\"alignnone wp-image-887 size-medium\" alt=\"1951 La derni\u00e8re \u00e9tape sera un grand hall d'\u00e9chafaudage, accessible par camion, et un garage double. Pendant toute cette p\u00e9riode de construction, le jardin est aussi progressivement am\u00e9nag\u00e9 avec des murs de pierre de carri\u00e8re, des chemins de dalles et un \" src=\"https:\/\/rusterholz-ag.ch\/wp-content\/uploads\/2010\/05\/1951_double-300x108.jpg\" srcset=\"https:\/\/rusterholz-ag.ch\/wp-content\/uploads\/2010\/05\/1951_double-300x108.jpg 300w, https:\/\/rusterholz-ag.ch\/wp-content\/uploads\/2010\/05\/1951_double-800x289.jpg 800w, https:\/\/rusterholz-ag.ch\/wp-content\/uploads\/2010\/05\/1951_double.jpg 1002w\" sizes=\"auto, (max-width: 300px) 100vw, 300px\" \/><\/a><\/p>\n<h4>1963<\/h4>\n<p>En 1951, pour payer \u00e0 Trudis le co\u00fbt des soins m\u00e9dicaux, Noldi vendit un terrain \u00e0 un \u00e9picier qui le trompait: un concurrent construisit la maison unifamiliale alors qu&#8217;il avait trop peu de travail dans la construction. 15 ans plus tard, les enfants rach\u00e8teront la terre et la maison.<\/p>\n<p>1958 a \u00e9galement vu la mort du ma\u00eetre d&#8217;\u0153uvre &#8220;Noldi&#8221; Rusterholz. L&#8217;entreprise de construction est ferm\u00e9e parce que les enfants sont en partie trop jeunes ou ont d&#8217;autres int\u00e9r\u00eats. Pendant quelques ann\u00e9es, les locaux de l&#8217;entreprise \u00e9taient vides jusqu&#8217; \u00e0 ce que les enfants construisent en 1963, dans le magasin de mat\u00e9riaux d&#8217;origine, quatre appartements simples et chaleureux.<\/p>\n<p><a href=\"https:\/\/rusterholz-ag.ch\/wp-content\/uploads\/2010\/05\/1963_double.jpg\" rel=\"lightbox[120]\"><img loading=\"lazy\" decoding=\"async\" width=\"300\" height=\"108\" class=\"alignnone wp-image-888 size-medium\" alt=\"1963 En 1951, pour payer \u00e0 Trudis le co\u00fbt des soins m\u00e9dicaux, Noldi vendit un terrain \u00e0 un \u00e9picier qui le trompait: un concurrent construisit la maison unifamiliale alors qu'il avait trop peu de travail dans la construction. 15 ans plus tard, les enfants rach\u00e8teront la terre et la maison. 1958 a \u00e9galement vu la mort du ma\u00eetre d'\u0153uvre \" src=\"https:\/\/rusterholz-ag.ch\/wp-content\/uploads\/2010\/05\/1963_double-300x108.jpg\" srcset=\"https:\/\/rusterholz-ag.ch\/wp-content\/uploads\/2010\/05\/1963_double-300x108.jpg 300w, https:\/\/rusterholz-ag.ch\/wp-content\/uploads\/2010\/05\/1963_double-800x289.jpg 800w, https:\/\/rusterholz-ag.ch\/wp-content\/uploads\/2010\/05\/1963_double.jpg 1002w\" sizes=\"auto, (max-width: 300px) 100vw, 300px\" \/><\/a><\/p>\n<h4>1974<\/h4>\n<p>Entre-temps, le grenier de la grande maison a \u00e9t\u00e9 am\u00e9nag\u00e9 en appartement. L&#8217;annexe de la serre datant de 1900 est utilis\u00e9e comme bureau d&#8217;architecture \u00e0 partir de 1961. C&#8217;est le berceau de Metron.<\/p>\n<p>L&#8217;un des 7 enfants du ma\u00eetre d&#8217;\u0153uvre reconstruit l&#8217;ancienne poulailler, qui fut habit\u00e9e par Luigi Fior, un ouvrier italien pendant 15 ans, pour en faire une maison de quatre pi\u00e8ces avec peu d&#8217;argent.<\/p>\n<p>&nbsp;<\/p>\n<p><a href=\"https:\/\/rusterholz-ag.ch\/wp-content\/uploads\/2010\/05\/1974_double.jpg\" rel=\"lightbox[120]\"><img loading=\"lazy\" decoding=\"async\" width=\"300\" height=\"108\" class=\"alignnone wp-image-889 size-medium\" alt=\"1974 Entre-temps, le grenier de la grande maison a \u00e9t\u00e9 am\u00e9nag\u00e9 en appartement. L'annexe de la serre datant de 1900 est utilis\u00e9e comme bureau d'architecture \u00e0 partir de 1961. C'est le berceau de Metron. L'un des 7 enfants du ma\u00eetre d'\u0153uvre reconstruit l'ancienne poulailler, qui fut habit\u00e9e par Luigi Fior, un ouvrier italien pendant 15 ans, pour en faire une maison de quatre pi\u00e8ces avec peu d'argent.\" src=\"https:\/\/rusterholz-ag.ch\/wp-content\/uploads\/2010\/05\/1974_double-300x108.jpg\" srcset=\"https:\/\/rusterholz-ag.ch\/wp-content\/uploads\/2010\/05\/1974_double-300x108.jpg 300w, https:\/\/rusterholz-ag.ch\/wp-content\/uploads\/2010\/05\/1974_double-800x289.jpg 800w, https:\/\/rusterholz-ag.ch\/wp-content\/uploads\/2010\/05\/1974_double.jpg 1002w\" sizes=\"auto, (max-width: 300px) 100vw, 300px\" \/><\/a><\/p>\n<h4>1980<\/h4>\n<p>1978 l&#8217;ancien garage est agrandi. Deux appartements et un studio de sculpture sont construits. Les appartements de l&#8217;ancien magasin de mat\u00e9riaux re\u00e7oivent chacun une chambre mansard\u00e9e. L&#8217;ancien magasin de mat\u00e9riaux est agrandi et l&#8217;ancienne serre &#8211; utilis\u00e9e depuis longtemps comme un appartement &#8211; re\u00e7oit un toit plus haut.<\/p>\n<p>Des passages interreli\u00e9s sont cr\u00e9\u00e9s pour permettre aux pi\u00e9tons de se d\u00e9placer de l&#8217;abri auto nouvellement construit vers la grande maison.<\/p>\n<p><a href=\"https:\/\/rusterholz-ag.ch\/wp-content\/uploads\/2010\/05\/1980_double.jpg\" rel=\"lightbox[120]\"><img loading=\"lazy\" decoding=\"async\" width=\"300\" height=\"108\" class=\"alignnone wp-image-890 size-medium\" alt=\"1980 1978 l'ancien garage est agrandi. Deux appartements et un studio de sculpture sont construits. Les appartements de l'ancien magasin de mat\u00e9riaux re\u00e7oivent chacun une chambre mansard\u00e9e. L'ancien magasin de mat\u00e9riaux est agrandi et l'ancienne serre - utilis\u00e9e depuis longtemps comme un appartement - re\u00e7oit un toit plus haut. Des passages interreli\u00e9s sont cr\u00e9\u00e9s pour permettre aux pi\u00e9tons de se d\u00e9placer de l'abri auto nouvellement construit vers la grande maison.\" src=\"https:\/\/rusterholz-ag.ch\/wp-content\/uploads\/2010\/05\/1980_double-300x108.jpg\" srcset=\"https:\/\/rusterholz-ag.ch\/wp-content\/uploads\/2010\/05\/1980_double-300x108.jpg 300w, https:\/\/rusterholz-ag.ch\/wp-content\/uploads\/2010\/05\/1980_double-800x289.jpg 800w, https:\/\/rusterholz-ag.ch\/wp-content\/uploads\/2010\/05\/1980_double.jpg 1002w\" sizes=\"auto, (max-width: 300px) 100vw, 300px\" \/><\/a><\/p>\n<h4>1988<\/h4>\n<p>La maison unifamiliale, rachet\u00e9e en 1966, a \u00e9t\u00e9 agrandie et ajout\u00e9e au c\u00f4t\u00e9 nord. Trois appartements de 2\u00bd pi\u00e8ces et deux appartements de 3\u00bd pi\u00e8ces sont en construction. L&#8217;ancien garage devient une pi\u00e8ce commune, 1 chambre est am\u00e9nag\u00e9e en chambre d&#8217;amis avec douche et toilette pour l&#8217;ensemble de la colonie.<\/p>\n<p>Cr\u00e9ation d&#8217;un abri \u00e0 v\u00e9los avec salle d&#8217;\u00e9quipement de jardin.<\/p>\n<p><a href=\"https:\/\/rusterholz-ag.ch\/wp-content\/uploads\/2010\/05\/1988_double.jpg\" rel=\"lightbox[120]\"><img loading=\"lazy\" decoding=\"async\" width=\"300\" height=\"108\" class=\"alignnone wp-image-891 size-medium\" alt=\"1988 La maison unifamiliale, rachet\u00e9e en 1966, a \u00e9t\u00e9 agrandie et ajout\u00e9e au c\u00f4t\u00e9 nord. Trois appartements de 2\u00bd pi\u00e8ces et deux appartements de 3\u00bd pi\u00e8ces sont en construction. L'ancien garage devient une pi\u00e8ce commune, 1 chambre est am\u00e9nag\u00e9e en chambre d'amis avec douche et toilette pour l'ensemble de la colonie. Cr\u00e9ation d'un abri \u00e0 v\u00e9los avec salle d'\u00e9quipement de jardin.\" src=\"https:\/\/rusterholz-ag.ch\/wp-content\/uploads\/2010\/05\/1988_double-300x108.jpg\" srcset=\"https:\/\/rusterholz-ag.ch\/wp-content\/uploads\/2010\/05\/1988_double-300x108.jpg 300w, https:\/\/rusterholz-ag.ch\/wp-content\/uploads\/2010\/05\/1988_double-800x289.jpg 800w, https:\/\/rusterholz-ag.ch\/wp-content\/uploads\/2010\/05\/1988_double.jpg 1002w\" sizes=\"auto, (max-width: 300px) 100vw, 300px\" \/><\/a><\/p>\n<h4>2001<\/h4>\n<p>Rusterholz AG, qui a \u00e9t\u00e9 fond\u00e9e, ach\u00e8te la ferme voisine aux voisins de W. Schmids Erben.<\/p>\n<p>La ferme, qui n&#8217;est plus habitable, est transform\u00e9e en un grand appartement par des moyens simples et dispose de 2 salles de bains et d&#8217;une nouvelle cuisine. En 2007, le grenier et la fa\u00e7ade sud d\u00e9labr\u00e9e seront r\u00e9nov\u00e9s \u00e9nergiquement.<\/p>\n<p><a href=\"https:\/\/rusterholz-ag.ch\/wp-content\/uploads\/2010\/05\/2000_double_cut.jpg\" rel=\"lightbox[120]\"><img loading=\"lazy\" decoding=\"async\" width=\"300\" height=\"106\" class=\"alignnone wp-image-895 size-medium\" alt=\"2001 Rusterholz AG, qui a \u00e9t\u00e9 fond\u00e9e, ach\u00e8te la ferme voisine aux voisins de W. Schmids Erben. La ferme, qui n'est plus habitable, est transform\u00e9e en un grand appartement par des moyens simples et dispose de 2 salles de bains et d'une nouvelle cuisine. En 2007, le grenier et la fa\u00e7ade sud d\u00e9labr\u00e9e seront r\u00e9nov\u00e9s \u00e9nergiquement.\" src=\"https:\/\/rusterholz-ag.ch\/wp-content\/uploads\/2010\/05\/2000_double_cut-300x106.jpg\" srcset=\"https:\/\/rusterholz-ag.ch\/wp-content\/uploads\/2010\/05\/2000_double_cut-300x106.jpg 300w, https:\/\/rusterholz-ag.ch\/wp-content\/uploads\/2010\/05\/2000_double_cut-800x284.jpg 800w, https:\/\/rusterholz-ag.ch\/wp-content\/uploads\/2010\/05\/2000_double_cut.jpg 1019w\" sizes=\"auto, (max-width: 300px) 100vw, 300px\" \/><\/a><\/p>\n<h4>2010<\/h4>\n<p>Sur le reste du terrain constructible, un immeuble d&#8217;habitation de 6 appartements sera construit.<\/p>\n<p>Le b\u00e2timent est construit selon les derni\u00e8res d\u00e9couvertes \u00e9nerg\u00e9tiques (Minergie-P). La chaleur pour le chauffage et la production d&#8217;eau chaude sanitaire est g\u00e9n\u00e9r\u00e9e par 60 m2 de panneaux solaires et un ballon de 36 000 litres. Ceux-ci couvrent environ 2\/3 des besoins annuels en chaleur.<\/p>\n<p><a href=\"https:\/\/rusterholz-ag.ch\/wp-content\/uploads\/2010\/05\/2010_double_cut.jpg\" rel=\"lightbox[120]\"><img loading=\"lazy\" decoding=\"async\" width=\"300\" height=\"106\" class=\"alignnone wp-image-894 size-medium\" alt=\"2010 Sur le reste du terrain constructible, un immeuble d'habitation de 6 appartements sera construit. Le b\u00e2timent est construit selon les derni\u00e8res d\u00e9couvertes \u00e9nerg\u00e9tiques (Minergie-P). La chaleur pour le chauffage et la production d'eau chaude sanitaire est g\u00e9n\u00e9r\u00e9e par 60 m2 de panneaux solaires et un ballon de 36 000 litres. Ceux-ci couvrent environ 2\/3 des besoins annuels en chaleur.\" src=\"https:\/\/rusterholz-ag.ch\/wp-content\/uploads\/2010\/05\/2010_double_cut-300x106.jpg\" srcset=\"https:\/\/rusterholz-ag.ch\/wp-content\/uploads\/2010\/05\/2010_double_cut-300x106.jpg 300w, https:\/\/rusterholz-ag.ch\/wp-content\/uploads\/2010\/05\/2010_double_cut-800x284.jpg 800w, https:\/\/rusterholz-ag.ch\/wp-content\/uploads\/2010\/05\/2010_double_cut.jpg 1018w\" sizes=\"auto, (max-width: 300px) 100vw, 300px\" \/><\/a><\/p>\n<h4>2011<\/h4>\n<p>V<span class=\"tag_trans\">ue a\u00e9rienne<\/span><\/p>\n<p><a href=\"https:\/\/rusterholz-ag.ch\/wp-content\/uploads\/2017\/11\/rusterholz-siedlung.jpg\" rel=\"lightbox[120]\"><img loading=\"lazy\" decoding=\"async\" width=\"300\" height=\"200\" class=\"wp-image-1294 size-medium alignnone\" alt=\"\" src=\"https:\/\/rusterholz-ag.ch\/wp-content\/uploads\/2017\/11\/rusterholz-siedlung-300x200.jpg\" srcset=\"https:\/\/rusterholz-ag.ch\/wp-content\/uploads\/2017\/11\/rusterholz-siedlung-300x200.jpg 300w, https:\/\/rusterholz-ag.ch\/wp-content\/uploads\/2017\/11\/rusterholz-siedlung-768x513.jpg 768w, https:\/\/rusterholz-ag.ch\/wp-content\/uploads\/2017\/11\/rusterholz-siedlung-800x534.jpg 800w, https:\/\/rusterholz-ag.ch\/wp-content\/uploads\/2017\/11\/rusterholz-siedlung.jpg 1431w\" sizes=\"auto, (max-width: 300px) 100vw, 300px\" \/><\/a><\/p>\n","protected":false},"excerpt":{"rendered":"<p>De la villa du directeur au lotissement Une \u00e9volution dans l&#8217;histoire de l&#8217;histoire du b\u00e2timent depuis plus de 170 ans 1840 Johann Caspar Brunner (1813-1886), propri\u00e9taire d&#8217;une usine de tissage textile (photo du bas), construit une maison avec 2 appartements et une grange vers 1840 pr\u00e8s de son usine. Brunner \u00e9tait un contemporain progressiste. Gr\u00e2ce [&hellip;]<\/p>\n","protected":false},"author":1,"featured_media":0,"parent":3,"menu_order":1,"comment_status":"closed","ping_status":"closed","template":"","meta":{"_monsterinsights_skip_tracking":false,"_monsterinsights_sitenote_active":false,"_monsterinsights_sitenote_note":"","_monsterinsights_sitenote_category":0,"ngg_post_thumbnail":0,"footnotes":""},"class_list":["post-120","page","type-page","status-publish","hentry"],"translation":{"provider":"WPGlobus","version":"3.0.2","language":"fr","enabled_languages":["de","en","fr"],"languages":{"de":{"title":true,"content":true,"excerpt":false},"en":{"title":true,"content":true,"excerpt":false},"fr":{"title":true,"content":true,"excerpt":false}}},"_links":{"self":[{"href":"https:\/\/rusterholz-ag.ch\/fr\/wp-json\/wp\/v2\/pages\/120","targetHints":{"allow":["GET"]}}],"collection":[{"href":"https:\/\/rusterholz-ag.ch\/fr\/wp-json\/wp\/v2\/pages"}],"about":[{"href":"https:\/\/rusterholz-ag.ch\/fr\/wp-json\/wp\/v2\/types\/page"}],"author":[{"embeddable":true,"href":"https:\/\/rusterholz-ag.ch\/fr\/wp-json\/wp\/v2\/users\/1"}],"replies":[{"embeddable":true,"href":"https:\/\/rusterholz-ag.ch\/fr\/wp-json\/wp\/v2\/comments?post=120"}],"version-history":[{"count":57,"href":"https:\/\/rusterholz-ag.ch\/fr\/wp-json\/wp\/v2\/pages\/120\/revisions"}],"predecessor-version":[{"id":1701,"href":"https:\/\/rusterholz-ag.ch\/fr\/wp-json\/wp\/v2\/pages\/120\/revisions\/1701"}],"up":[{"embeddable":true,"href":"https:\/\/rusterholz-ag.ch\/fr\/wp-json\/wp\/v2\/pages\/3"}],"wp:attachment":[{"href":"https:\/\/rusterholz-ag.ch\/fr\/wp-json\/wp\/v2\/media?parent=120"}],"curies":[{"name":"wp","href":"https:\/\/api.w.org\/{rel}","templated":true}]}}